{"id":11511,"date":"2018-09-07T19:00:05","date_gmt":"2018-09-07T17:00:05","guid":{"rendered":"http:\/\/echazalon.fr\/?page_id=11511"},"modified":"2024-01-04T17:32:59","modified_gmt":"2024-01-04T16:32:59","slug":"a-propos","status":"publish","type":"page","link":"https:\/\/echazalon.fr\/index.php\/a-propos\/","title":{"rendered":"A propos"},"content":{"rendered":"<p>[vc_row][vc_column width=\u00a0\u00bb1\/2&Prime;]<div class=\"grve-element grve-image grve-align-center\" style=\"\"><img loading=\"lazy\" decoding=\"async\" width=\"600\" height=\"800\" src=\"https:\/\/echazalon.fr\/wp-content\/uploads\/2018\/10\/DSC_9907-600x800.jpg\" class=\"attachment-blade-grve-small-rect-vertical size-blade-grve-small-rect-vertical\" alt=\"Voici une photographie d&#039;un jeune homme dans une rue regardant le couch\u00e9 de soleil\" \/><\/div>[\/vc_column][vc_column width=\u00a0\u00bb1\/2&Prime;][vc_empty_space height=\u00a0\u00bb140px\u00a0\u00bb]<h3 class=\"grve-element grve-title grve-align-left grve-h2\" style=\"\"><span>ELODIE CHAZALON<\/span><\/h3>[vc_column_text]Curieuse, polyvalente et cr\u00e9ative, ces trois mots r\u00e9sument au mieux ma personnalit\u00e9. C&rsquo;est pourquoi j&rsquo;ai choisi de m&rsquo;engager dans le domaine de la communication visuelle en 2008, ann\u00e9e o\u00f9 j&rsquo;ai int\u00e9gr\u00e9 le lyc\u00e9e professionnel Sainte-Marie. Cette exp\u00e9rience m&rsquo;a offert l&rsquo;opportunit\u00e9 de perfectionner mon sens artistique. Apr\u00e8s des ann\u00e9es d&rsquo;\u00e9tudes approfondies dans ce domaine, j&rsquo;ai obtenu l&rsquo;acc\u00e8s \u00e0 l&rsquo;Institut de l&rsquo;Internet et du Multim\u00e9dia \u00e0 Paris La D\u00e9fense, o\u00f9 j&rsquo;ai ax\u00e9 mes comp\u00e9tences sur la gestion de projets digitaux et le d\u00e9veloppement web.<\/p>\n<p>Fort d&rsquo;une carri\u00e8re de plus de dix ans dans le secteur graphique, incluant une expertise de quatre ans en gestion de projets, dont une p\u00e9riode au sein du groupe Delineo o\u00f9 j&rsquo;ai pris en charge des marques telles que Maison Pradier, \u00c9v\u00e9nementiel, Roberta restaurants et CDevant, je ressens le besoin stimulant de poursuivre vers de nouveaux horizons. Actuellement en qu\u00eate de d\u00e9fis enrichissants, que ce soit au sein d&rsquo;une entreprise dynamique ou en tant que freelance, je suis pr\u00eate \u00e0 apporter mon expertise et ma cr\u00e9ativit\u00e9 \u00e0 de nouvelles opportunit\u00e9s professionnelles.<\/p>\n<p class=\"p1\">N\u2019h\u00e9sitez pas \u00e0 prendre contact avec moi directement via le <a href=\"http:\/\/echazalon.fr\/index.php\/contact\/\" target=\"_blank\" rel=\"noopener\">formulaire de contact<\/a> !<\/p>\n<p>\u00a0[\/vc_column_text][vc_empty_space height=\u00a0\u00bb40px\u00a0\u00bb][vc_row_inner][vc_column_inner width=\u00a0\u00bb1\/2&Prime;]<div class=\"grve-element grve-align-left\"><a href=\"http:\/\/echazalon.fr\/index.php\/mes-travaux\/\" target=\"_blank\" class=\"grve-btn grve-btn-medium grve-square grve-bg-black grve-bg-hover-primary-1 grve-fullwidth-btn grve-fluid-btn-short\"><span><i class=\"fa fa-briefcase\"><\/i>Mon travail<\/span><\/a><\/div>[\/vc_column_inner][vc_column_inner width=\u00a0\u00bb1\/2&Prime;]<div class=\"grve-element grve-align-left\"><a href=\"http:\/\/echazalon.fr\/wp-content\/uploads\/2024\/01\/CVElodieChazalon.pdf\" title=\"mon cv\" target=\"_blank\" class=\"grve-btn grve-btn-medium grve-square grve-bg-black grve-bg-hover-primary-1 grve-fullwidth-btn grve-fluid-btn-short\"><span><i class=\"fa fa-graduation-cap\"><\/i>Mon CV<\/span><\/a><\/div>[\/vc_column_inner][\/vc_row_inner][\/vc_column][\/vc_row]<\/p>\n","protected":false},"excerpt":{"rendered":"<p>[vc_row][vc_column width=\u00a0\u00bb1\/2&Prime;][\/vc_column][vc_column width=\u00a0\u00bb1\/2&Prime;][vc_empty_space height=\u00a0\u00bb140px\u00a0\u00bb][vc_column_text]Curieuse, polyvalente et cr\u00e9ative, ces trois mots r\u00e9sument au mieux ma personnalit\u00e9. C&rsquo;est pourquoi j&rsquo;ai choisi de m&rsquo;engager dans le domaine de la communication visuelle en 2008, ann\u00e9e o\u00f9 j&rsquo;ai int\u00e9gr\u00e9 le lyc\u00e9e professionnel Sainte-Marie. Cette exp\u00e9rience m&rsquo;a offert l&rsquo;opportunit\u00e9 de perfectionner mon sens artistique. Apr\u00e8s des ann\u00e9es d&rsquo;\u00e9tudes approfondies dans ce [&hellip;]<\/p>\n","protected":false},"author":1,"featured_media":0,"parent":0,"menu_order":0,"comment_status":"closed","ping_status":"closed","template":"","meta":{"_exactmetrics_skip_tracking":false,"_exactmetrics_sitenote_active":false,"_exactmetrics_sitenote_note":"","_exactmetrics_sitenote_category":0,"footnotes":""},"yoast_head":"<!-- This site is optimized with the Yoast SEO plugin v23.0 - https:\/\/yoast.com\/wordpress\/plugins\/seo\/ -->\n<title>Elodie Chazalon portfolio | Faisons un peu connaissance<\/title>\n<meta name=\"description\" content=\"Dipl\u00f4m\u00e9e en Mast\u00e8re Manager digital option Web et E-business, je suis \u00e0 la recherche d\u2019un premier emploi en tant que Chef de projet Digital\/Marketing.\" \/>\n<meta name=\"robots\" content=\"index, follow, max-snippet:-1, max-image-preview:large, max-video-preview:-1\" \/>\n<link rel=\"canonical\" href=\"https:\/\/echazalon.fr\/index.php\/a-propos\/\" \/>\n<meta property=\"og:locale\" content=\"fr_FR\" \/>\n<meta property=\"og:type\" content=\"article\" \/>\n<meta property=\"og:title\" content=\"Elodie Chazalon portfolio | Faisons un peu connaissance\" \/>\n<meta property=\"og:description\" content=\"Dipl\u00f4m\u00e9e en Mast\u00e8re Manager digital option Web et E-business, je suis \u00e0 la recherche d\u2019un premier emploi en tant que Chef de projet Digital\/Marketing.\" \/>\n<meta property=\"og:url\" content=\"https:\/\/echazalon.fr\/index.php\/a-propos\/\" \/>\n<meta property=\"og:site_name\" content=\"Elodie Chazalon - Manager du digital\" \/>\n<meta property=\"article:modified_time\" content=\"2024-01-04T16:32:59+00:00\" \/>\n<meta name=\"twitter:card\" content=\"summary_large_image\" \/>\n<meta name=\"twitter:label1\" content=\"Dur\u00e9e de lecture estim\u00e9e\" \/>\n\t<meta name=\"twitter:data1\" content=\"1 minute\" \/>\n<script type=\"application\/ld+json\" class=\"yoast-schema-graph\">{\"@context\":\"https:\/\/schema.org\",\"@graph\":[{\"@type\":\"WebPage\",\"@id\":\"https:\/\/echazalon.fr\/index.php\/a-propos\/\",\"url\":\"https:\/\/echazalon.fr\/index.php\/a-propos\/\",\"name\":\"Elodie Chazalon portfolio | Faisons un peu connaissance\",\"isPartOf\":{\"@id\":\"https:\/\/echazalon.fr\/#website\"},\"datePublished\":\"2018-09-07T17:00:05+00:00\",\"dateModified\":\"2024-01-04T16:32:59+00:00\",\"description\":\"Dipl\u00f4m\u00e9e en Mast\u00e8re Manager digital option Web et E-business, je suis \u00e0 la recherche d\u2019un premier emploi en tant que Chef de projet Digital\/Marketing.\",\"breadcrumb\":{\"@id\":\"https:\/\/echazalon.fr\/index.php\/a-propos\/#breadcrumb\"},\"inLanguage\":\"fr-FR\",\"potentialAction\":[{\"@type\":\"ReadAction\",\"target\":[\"https:\/\/echazalon.fr\/index.php\/a-propos\/\"]}]},{\"@type\":\"BreadcrumbList\",\"@id\":\"https:\/\/echazalon.fr\/index.php\/a-propos\/#breadcrumb\",\"itemListElement\":[{\"@type\":\"ListItem\",\"position\":1,\"name\":\"Accueil\",\"item\":\"https:\/\/echazalon.fr\/\"},{\"@type\":\"ListItem\",\"position\":2,\"name\":\"A propos\"}]},{\"@type\":\"WebSite\",\"@id\":\"https:\/\/echazalon.fr\/#website\",\"url\":\"https:\/\/echazalon.fr\/\",\"name\":\"Elodie Chazalon - Manager du digital\",\"description\":\"Elodie Chazalon freelance : communication visuelle, digital, webmarketing\",\"potentialAction\":[{\"@type\":\"SearchAction\",\"target\":{\"@type\":\"EntryPoint\",\"urlTemplate\":\"https:\/\/echazalon.fr\/?s={search_term_string}\"},\"query-input\":\"required name=search_term_string\"}],\"inLanguage\":\"fr-FR\"}]}<\/script>\n<!-- \/ Yoast SEO plugin. -->","yoast_head_json":{"title":"Elodie Chazalon portfolio | Faisons un peu connaissance","description":"Dipl\u00f4m\u00e9e en Mast\u00e8re Manager digital option Web et E-business, je suis \u00e0 la recherche d\u2019un premier emploi en tant que Chef de projet Digital\/Marketing.","robots":{"index":"index","follow":"follow","max-snippet":"max-snippet:-1","max-image-preview":"max-image-preview:large","max-video-preview":"max-video-preview:-1"},"canonical":"https:\/\/echazalon.fr\/index.php\/a-propos\/","og_locale":"fr_FR","og_type":"article","og_title":"Elodie Chazalon portfolio | Faisons un peu connaissance","og_description":"Dipl\u00f4m\u00e9e en Mast\u00e8re Manager digital option Web et E-business, je suis \u00e0 la recherche d\u2019un premier emploi en tant que Chef de projet Digital\/Marketing.","og_url":"https:\/\/echazalon.fr\/index.php\/a-propos\/","og_site_name":"Elodie Chazalon - Manager du digital","article_modified_time":"2024-01-04T16:32:59+00:00","twitter_card":"summary_large_image","twitter_misc":{"Dur\u00e9e de lecture estim\u00e9e":"1 minute"},"schema":{"@context":"https:\/\/schema.org","@graph":[{"@type":"WebPage","@id":"https:\/\/echazalon.fr\/index.php\/a-propos\/","url":"https:\/\/echazalon.fr\/index.php\/a-propos\/","name":"Elodie Chazalon portfolio | Faisons un peu connaissance","isPartOf":{"@id":"https:\/\/echazalon.fr\/#website"},"datePublished":"2018-09-07T17:00:05+00:00","dateModified":"2024-01-04T16:32:59+00:00","description":"Dipl\u00f4m\u00e9e en Mast\u00e8re Manager digital option Web et E-business, je suis \u00e0 la recherche d\u2019un premier emploi en tant que Chef de projet Digital\/Marketing.","breadcrumb":{"@id":"https:\/\/echazalon.fr\/index.php\/a-propos\/#breadcrumb"},"inLanguage":"fr-FR","potentialAction":[{"@type":"ReadAction","target":["https:\/\/echazalon.fr\/index.php\/a-propos\/"]}]},{"@type":"BreadcrumbList","@id":"https:\/\/echazalon.fr\/index.php\/a-propos\/#breadcrumb","itemListElement":[{"@type":"ListItem","position":1,"name":"Accueil","item":"https:\/\/echazalon.fr\/"},{"@type":"ListItem","position":2,"name":"A propos"}]},{"@type":"WebSite","@id":"https:\/\/echazalon.fr\/#website","url":"https:\/\/echazalon.fr\/","name":"Elodie Chazalon - Manager du digital","description":"Elodie Chazalon freelance : communication visuelle, digital, webmarketing","potentialAction":[{"@type":"SearchAction","target":{"@type":"EntryPoint","urlTemplate":"https:\/\/echazalon.fr\/?s={search_term_string}"},"query-input":"required name=search_term_string"}],"inLanguage":"fr-FR"}]}},"_links":{"self":[{"href":"https:\/\/echazalon.fr\/index.php\/wp-json\/wp\/v2\/pages\/11511"}],"collection":[{"href":"https:\/\/echazalon.fr\/index.php\/wp-json\/wp\/v2\/pages"}],"about":[{"href":"https:\/\/echazalon.fr\/index.php\/wp-json\/wp\/v2\/types\/page"}],"author":[{"embeddable":true,"href":"https:\/\/echazalon.fr\/index.php\/wp-json\/wp\/v2\/users\/1"}],"replies":[{"embeddable":true,"href":"https:\/\/echazalon.fr\/index.php\/wp-json\/wp\/v2\/comments?post=11511"}],"version-history":[{"count":43,"href":"https:\/\/echazalon.fr\/index.php\/wp-json\/wp\/v2\/pages\/11511\/revisions"}],"predecessor-version":[{"id":12064,"href":"https:\/\/echazalon.fr\/index.php\/wp-json\/wp\/v2\/pages\/11511\/revisions\/12064"}],"wp:attachment":[{"href":"https:\/\/echazalon.fr\/index.php\/wp-json\/wp\/v2\/media?parent=11511"}],"curies":[{"name":"wp","href":"https:\/\/api.w.org\/{rel}","templated":true}]}}