{"id":11663,"date":"2018-10-03T19:02:20","date_gmt":"2018-10-03T17:02:20","guid":{"rendered":"http:\/\/echazalon.fr\/?page_id=11663"},"modified":"2019-08-29T20:34:01","modified_gmt":"2019-08-29T18:34:01","slug":"photographie","status":"publish","type":"page","link":"https:\/\/echazalon.fr\/index.php\/photographie\/","title":{"rendered":"Juste pour le plaisir"},"content":{"rendered":"<p>[vc_row equal_column_height=\u00a0\u00bbequal-column\u00a0\u00bb][vc_column width=\u00a0\u00bb1\/2&Prime;]<div class=\"grve-element grve-carousel-wrapper\"  style=\" \"><div class=\"grve-carousel-navigation grve-dark grve-navigation-1 grve-navigation-default\">\t<div class=\"grve-carousel-buttons\">\t\t<div class=\"grve-carousel-prev\">\t\t\t<i class=\"grve-icon-arrow-left-alt\"><\/i>\t\t<\/div>\t\t<div class=\"grve-carousel-next\">\t\t\t<i class=\"grve-icon-arrow-right-alt\"><\/i>\t\t<\/div>\t<\/div><\/div><div class=\"grve-slider grve-carousel-element\" data-slider-speed=\"3500\" data-slider-pause=\"no\" data-slider-autoplay=\"yes\" data-slider-autoheight=\"no\"><div class=\"grve-slider-item\"><figure><div class=\"grve-media\"><img loading=\"lazy\" decoding=\"async\" width=\"683\" height=\"1024\" src=\"https:\/\/echazalon.fr\/wp-content\/uploads\/2018\/10\/DSC_0024-683x1024.jpg\" class=\"attachment-large size-large\" alt=\"Photo de Biarritz\" srcset=\"https:\/\/echazalon.fr\/wp-content\/uploads\/2018\/10\/DSC_0024-683x1024.jpg 683w, https:\/\/echazalon.fr\/wp-content\/uploads\/2018\/10\/DSC_0024-200x300.jpg 200w, https:\/\/echazalon.fr\/wp-content\/uploads\/2018\/10\/DSC_0024-768x1152.jpg 768w, https:\/\/echazalon.fr\/wp-content\/uploads\/2018\/10\/DSC_0024-1280x1920.jpg 1280w\" sizes=\"(max-width: 683px) 100vw, 683px\" \/><\/div><\/figure><\/div><div class=\"grve-slider-item\"><figure><div class=\"grve-media\"><img loading=\"lazy\" decoding=\"async\" width=\"683\" height=\"1024\" src=\"https:\/\/echazalon.fr\/wp-content\/uploads\/2018\/10\/DSC_0025-683x1024.jpg\" class=\"attachment-large size-large\" alt=\"Photo de Biarritz\" srcset=\"https:\/\/echazalon.fr\/wp-content\/uploads\/2018\/10\/DSC_0025-683x1024.jpg 683w, https:\/\/echazalon.fr\/wp-content\/uploads\/2018\/10\/DSC_0025-200x300.jpg 200w, https:\/\/echazalon.fr\/wp-content\/uploads\/2018\/10\/DSC_0025-768x1152.jpg 768w, https:\/\/echazalon.fr\/wp-content\/uploads\/2018\/10\/DSC_0025-1280x1920.jpg 1280w\" sizes=\"(max-width: 683px) 100vw, 683px\" \/><\/div><\/figure><\/div><div class=\"grve-slider-item\"><figure><div class=\"grve-media\"><img loading=\"lazy\" decoding=\"async\" width=\"683\" height=\"1024\" src=\"https:\/\/echazalon.fr\/wp-content\/uploads\/2018\/10\/DSC_9777-1-683x1024.jpg\" class=\"attachment-large size-large\" alt=\"Lac Leman, coucher de soleil\" srcset=\"https:\/\/echazalon.fr\/wp-content\/uploads\/2018\/10\/DSC_9777-1-683x1024.jpg 683w, https:\/\/echazalon.fr\/wp-content\/uploads\/2018\/10\/DSC_9777-1-200x300.jpg 200w, https:\/\/echazalon.fr\/wp-content\/uploads\/2018\/10\/DSC_9777-1-768x1152.jpg 768w, https:\/\/echazalon.fr\/wp-content\/uploads\/2018\/10\/DSC_9777-1-1280x1920.jpg 1280w\" sizes=\"(max-width: 683px) 100vw, 683px\" \/><\/div><\/figure><\/div><div class=\"grve-slider-item\"><figure><div class=\"grve-media\"><img loading=\"lazy\" decoding=\"async\" width=\"631\" height=\"1024\" src=\"https:\/\/echazalon.fr\/wp-content\/uploads\/2018\/10\/DSC_9616-631x1024.jpg\" class=\"attachment-large size-large\" alt=\"Photographie d&#039;une Eglise en Suisse\" srcset=\"https:\/\/echazalon.fr\/wp-content\/uploads\/2018\/10\/DSC_9616-631x1024.jpg 631w, https:\/\/echazalon.fr\/wp-content\/uploads\/2018\/10\/DSC_9616-185x300.jpg 185w, https:\/\/echazalon.fr\/wp-content\/uploads\/2018\/10\/DSC_9616-768x1247.jpg 768w, https:\/\/echazalon.fr\/wp-content\/uploads\/2018\/10\/DSC_9616-1183x1920.jpg 1183w\" sizes=\"(max-width: 631px) 100vw, 631px\" \/><\/div><\/figure><\/div><div class=\"grve-slider-item\"><figure><div class=\"grve-media\"><img loading=\"lazy\" decoding=\"async\" width=\"581\" height=\"1024\" src=\"https:\/\/echazalon.fr\/wp-content\/uploads\/2018\/10\/DSC_9617-581x1024.jpg\" class=\"attachment-large size-large\" alt=\"Photographie d&#039;une Eglise en Suisse\" srcset=\"https:\/\/echazalon.fr\/wp-content\/uploads\/2018\/10\/DSC_9617-581x1024.jpg 581w, https:\/\/echazalon.fr\/wp-content\/uploads\/2018\/10\/DSC_9617-170x300.jpg 170w, https:\/\/echazalon.fr\/wp-content\/uploads\/2018\/10\/DSC_9617-768x1353.jpg 768w, https:\/\/echazalon.fr\/wp-content\/uploads\/2018\/10\/DSC_9617-1090x1920.jpg 1090w\" sizes=\"(max-width: 581px) 100vw, 581px\" \/><\/div><\/figure><\/div><div class=\"grve-slider-item\"><figure><div class=\"grve-media\"><img loading=\"lazy\" decoding=\"async\" width=\"683\" height=\"1024\" src=\"https:\/\/echazalon.fr\/wp-content\/uploads\/2018\/10\/DSC_9907-683x1024.jpg\" class=\"attachment-large size-large\" alt=\"Voici une photographie d&#039;un jeune homme dans une rue regardant le couch\u00e9 de soleil\" srcset=\"https:\/\/echazalon.fr\/wp-content\/uploads\/2018\/10\/DSC_9907-683x1024.jpg 683w, https:\/\/echazalon.fr\/wp-content\/uploads\/2018\/10\/DSC_9907-200x300.jpg 200w, https:\/\/echazalon.fr\/wp-content\/uploads\/2018\/10\/DSC_9907-768x1152.jpg 768w, https:\/\/echazalon.fr\/wp-content\/uploads\/2018\/10\/DSC_9907-1280x1920.jpg 1280w\" sizes=\"(max-width: 683px) 100vw, 683px\" \/><\/div><\/figure><\/div><\/div><\/div>[\/vc_column][vc_column width=\u00a0\u00bb1\/2&Prime;]<h3 class=\"grve-element grve-title grve-align-left grve-h2\" style=\"\"><span>LA PHOTOGRAPHIE, JUSTE POUR LE PLAISIR<\/span><\/h3>[vc_column_text]<\/p>\n<p class=\"p1\">Depuis quelques ann\u00e9es je m\u2019exerce en tant que photographe en herbe par simple passion. Ainsi toujours accompagn\u00e9 de mon fid\u00e8le compagnon de voyage le Nikon D5300, je suis tout \u00e0 fait disponible pour d&rsquo;\u00e9ventuelles collaborations artistiques li\u00e9es \u00e0 la photographie sur Paris !<\/p>\n<p>Pour l&rsquo;heure, je vous invite \u00e0 cliquer sur le lien afin de d\u00e9couvrir au fil du temps mes aventures sur mon <strong><a href=\"http:\/\/elodiechazalon.tumblr.com\" target=\"_blank\" rel=\"noopener noreferrer\">tumblr<\/a>.<\/strong><\/p>\n<p class=\"p1\">N\u2019h\u00e9sitez pas \u00e0 me contacter via le formulaire de contact !<\/p>\n<p>[\/vc_column_text]<div class=\"grve-element grve-align-left\"><a href=\"http:\/\/elodiechazalon.tumblr.com\" title=\"Tumblr photographique\" target=\"_blank\" class=\"grve-btn grve-btn-medium grve-square grve-bg-black grve-bg-hover-primary-1\"><span>Tumblr photographique<\/span><\/a><\/div>[vc_empty_space height=\u00a0\u00bb40px\u00a0\u00bb][\/vc_column][\/vc_row]<\/p>\n","protected":false},"excerpt":{"rendered":"<p>[vc_row equal_column_height=\u00a0\u00bbequal-column\u00a0\u00bb][vc_column width=\u00a0\u00bb1\/2&Prime;][\/vc_column][vc_column width=\u00a0\u00bb1\/2&Prime;][vc_column_text] Depuis quelques ann\u00e9es je m\u2019exerce en tant que photographe en herbe par simple passion. Ainsi toujours accompagn\u00e9 de mon fid\u00e8le compagnon de voyage le Nikon D5300, je suis tout \u00e0 fait disponible pour d&rsquo;\u00e9ventuelles collaborations artistiques li\u00e9es \u00e0 la photographie sur Paris ! Pour l&rsquo;heure, je vous invite \u00e0 cliquer sur [&hellip;]<\/p>\n","protected":false},"author":1,"featured_media":0,"parent":0,"menu_order":0,"comment_status":"closed","ping_status":"closed","template":"","meta":{"_exactmetrics_skip_tracking":false,"_exactmetrics_sitenote_active":false,"_exactmetrics_sitenote_note":"","_exactmetrics_sitenote_category":0,"footnotes":""},"yoast_head":"<!-- This site is optimized with the Yoast SEO plugin v23.0 - https:\/\/yoast.com\/wordpress\/plugins\/seo\/ -->\n<title>Elodie Chazalon portfolio | La photographie, une passion<\/title>\n<meta name=\"description\" content=\"Depuis quelques temps accompagn\u00e9 de mon fid\u00e8le compagnon de voyage je m&#039;int\u00e9resse de plus en plus \u00e0 la photographie. N&#039;h\u00e9sitez pas \u00e0 d\u00e9couvrir mon tumblr.\" \/>\n<meta name=\"robots\" content=\"index, follow, max-snippet:-1, max-image-preview:large, max-video-preview:-1\" \/>\n<link rel=\"canonical\" href=\"https:\/\/echazalon.fr\/index.php\/photographie\/\" \/>\n<meta property=\"og:locale\" content=\"fr_FR\" \/>\n<meta property=\"og:type\" content=\"article\" \/>\n<meta property=\"og:title\" content=\"Elodie Chazalon portfolio | La photographie, une passion\" \/>\n<meta property=\"og:description\" content=\"Depuis quelques temps accompagn\u00e9 de mon fid\u00e8le compagnon de voyage je m&#039;int\u00e9resse de plus en plus \u00e0 la photographie. N&#039;h\u00e9sitez pas \u00e0 d\u00e9couvrir mon tumblr.\" \/>\n<meta property=\"og:url\" content=\"https:\/\/echazalon.fr\/index.php\/photographie\/\" \/>\n<meta property=\"og:site_name\" content=\"Elodie Chazalon - Manager du digital\" \/>\n<meta property=\"article:modified_time\" content=\"2019-08-29T18:34:01+00:00\" \/>\n<meta name=\"twitter:card\" content=\"summary_large_image\" \/>\n<meta name=\"twitter:label1\" content=\"Dur\u00e9e de lecture estim\u00e9e\" \/>\n\t<meta name=\"twitter:data1\" content=\"1 minute\" \/>\n<script type=\"application\/ld+json\" class=\"yoast-schema-graph\">{\"@context\":\"https:\/\/schema.org\",\"@graph\":[{\"@type\":\"WebPage\",\"@id\":\"https:\/\/echazalon.fr\/index.php\/photographie\/\",\"url\":\"https:\/\/echazalon.fr\/index.php\/photographie\/\",\"name\":\"Elodie Chazalon portfolio | La photographie, une passion\",\"isPartOf\":{\"@id\":\"https:\/\/echazalon.fr\/#website\"},\"datePublished\":\"2018-10-03T17:02:20+00:00\",\"dateModified\":\"2019-08-29T18:34:01+00:00\",\"description\":\"Depuis quelques temps accompagn\u00e9 de mon fid\u00e8le compagnon de voyage je m'int\u00e9resse de plus en plus \u00e0 la photographie. N'h\u00e9sitez pas \u00e0 d\u00e9couvrir mon tumblr.\",\"breadcrumb\":{\"@id\":\"https:\/\/echazalon.fr\/index.php\/photographie\/#breadcrumb\"},\"inLanguage\":\"fr-FR\",\"potentialAction\":[{\"@type\":\"ReadAction\",\"target\":[\"https:\/\/echazalon.fr\/index.php\/photographie\/\"]}]},{\"@type\":\"BreadcrumbList\",\"@id\":\"https:\/\/echazalon.fr\/index.php\/photographie\/#breadcrumb\",\"itemListElement\":[{\"@type\":\"ListItem\",\"position\":1,\"name\":\"Accueil\",\"item\":\"https:\/\/echazalon.fr\/\"},{\"@type\":\"ListItem\",\"position\":2,\"name\":\"Juste pour le plaisir\"}]},{\"@type\":\"WebSite\",\"@id\":\"https:\/\/echazalon.fr\/#website\",\"url\":\"https:\/\/echazalon.fr\/\",\"name\":\"Elodie Chazalon - Manager du digital\",\"description\":\"Elodie Chazalon freelance : communication visuelle, digital, webmarketing\",\"potentialAction\":[{\"@type\":\"SearchAction\",\"target\":{\"@type\":\"EntryPoint\",\"urlTemplate\":\"https:\/\/echazalon.fr\/?s={search_term_string}\"},\"query-input\":\"required name=search_term_string\"}],\"inLanguage\":\"fr-FR\"}]}<\/script>\n<!-- \/ Yoast SEO plugin. -->","yoast_head_json":{"title":"Elodie Chazalon portfolio | La photographie, une passion","description":"Depuis quelques temps accompagn\u00e9 de mon fid\u00e8le compagnon de voyage je m'int\u00e9resse de plus en plus \u00e0 la photographie. N'h\u00e9sitez pas \u00e0 d\u00e9couvrir mon tumblr.","robots":{"index":"index","follow":"follow","max-snippet":"max-snippet:-1","max-image-preview":"max-image-preview:large","max-video-preview":"max-video-preview:-1"},"canonical":"https:\/\/echazalon.fr\/index.php\/photographie\/","og_locale":"fr_FR","og_type":"article","og_title":"Elodie Chazalon portfolio | La photographie, une passion","og_description":"Depuis quelques temps accompagn\u00e9 de mon fid\u00e8le compagnon de voyage je m'int\u00e9resse de plus en plus \u00e0 la photographie. N'h\u00e9sitez pas \u00e0 d\u00e9couvrir mon tumblr.","og_url":"https:\/\/echazalon.fr\/index.php\/photographie\/","og_site_name":"Elodie Chazalon - Manager du digital","article_modified_time":"2019-08-29T18:34:01+00:00","twitter_card":"summary_large_image","twitter_misc":{"Dur\u00e9e de lecture estim\u00e9e":"1 minute"},"schema":{"@context":"https:\/\/schema.org","@graph":[{"@type":"WebPage","@id":"https:\/\/echazalon.fr\/index.php\/photographie\/","url":"https:\/\/echazalon.fr\/index.php\/photographie\/","name":"Elodie Chazalon portfolio | La photographie, une passion","isPartOf":{"@id":"https:\/\/echazalon.fr\/#website"},"datePublished":"2018-10-03T17:02:20+00:00","dateModified":"2019-08-29T18:34:01+00:00","description":"Depuis quelques temps accompagn\u00e9 de mon fid\u00e8le compagnon de voyage je m'int\u00e9resse de plus en plus \u00e0 la photographie. N'h\u00e9sitez pas \u00e0 d\u00e9couvrir mon tumblr.","breadcrumb":{"@id":"https:\/\/echazalon.fr\/index.php\/photographie\/#breadcrumb"},"inLanguage":"fr-FR","potentialAction":[{"@type":"ReadAction","target":["https:\/\/echazalon.fr\/index.php\/photographie\/"]}]},{"@type":"BreadcrumbList","@id":"https:\/\/echazalon.fr\/index.php\/photographie\/#breadcrumb","itemListElement":[{"@type":"ListItem","position":1,"name":"Accueil","item":"https:\/\/echazalon.fr\/"},{"@type":"ListItem","position":2,"name":"Juste pour le plaisir"}]},{"@type":"WebSite","@id":"https:\/\/echazalon.fr\/#website","url":"https:\/\/echazalon.fr\/","name":"Elodie Chazalon - Manager du digital","description":"Elodie Chazalon freelance : communication visuelle, digital, webmarketing","potentialAction":[{"@type":"SearchAction","target":{"@type":"EntryPoint","urlTemplate":"https:\/\/echazalon.fr\/?s={search_term_string}"},"query-input":"required name=search_term_string"}],"inLanguage":"fr-FR"}]}},"_links":{"self":[{"href":"https:\/\/echazalon.fr\/index.php\/wp-json\/wp\/v2\/pages\/11663"}],"collection":[{"href":"https:\/\/echazalon.fr\/index.php\/wp-json\/wp\/v2\/pages"}],"about":[{"href":"https:\/\/echazalon.fr\/index.php\/wp-json\/wp\/v2\/types\/page"}],"author":[{"embeddable":true,"href":"https:\/\/echazalon.fr\/index.php\/wp-json\/wp\/v2\/users\/1"}],"replies":[{"embeddable":true,"href":"https:\/\/echazalon.fr\/index.php\/wp-json\/wp\/v2\/comments?post=11663"}],"version-history":[{"count":34,"href":"https:\/\/echazalon.fr\/index.php\/wp-json\/wp\/v2\/pages\/11663\/revisions"}],"predecessor-version":[{"id":12015,"href":"https:\/\/echazalon.fr\/index.php\/wp-json\/wp\/v2\/pages\/11663\/revisions\/12015"}],"wp:attachment":[{"href":"https:\/\/echazalon.fr\/index.php\/wp-json\/wp\/v2\/media?parent=11663"}],"curies":[{"name":"wp","href":"https:\/\/api.w.org\/{rel}","templated":true}]}}