{"id":11759,"date":"2019-02-23T19:48:23","date_gmt":"2019-02-23T18:48:23","guid":{"rendered":"http:\/\/echazalon.fr\/?page_id=11759"},"modified":"2022-11-08T16:30:15","modified_gmt":"2022-11-08T15:30:15","slug":"prestations","status":"publish","type":"page","link":"https:\/\/echazalon.fr\/index.php\/prestations\/","title":{"rendered":"Mes prestations"},"content":{"rendered":"<p>[vc_row heading_color=\u00a0\u00bblight\u00a0\u00bb section_type=\u00a0\u00bbfullwidth\u00a0\u00bb bg_type=\u00a0\u00bbcolor\u00a0\u00bb header_feature=\u00a0\u00bbyes\u00a0\u00bb bg_color=\u00a0\u00bb#0c0c0c\u00a0\u00bb padding_bottom=\u00a0\u00bb100&Prime; font_color=\u00a0\u00bb#ffffff\u00a0\u00bb padding_top=\u00a0\u00bb100&Prime;][vc_column width=\u00a0\u00bb1\/4&Prime;]<div class=\"grve-element grve-box-icon grve-align-center grve-medium grve-animated-item grve-fadeInUp\" style=\"\" data-delay=\"200\">  <div class=\"grve-wrapper-icon grve-no-shape grve-text-grey\"><i class=\"smp-icon-magic-wand grve-text-white\"><\/i><\/div>  <div class=\"grve-box-content\">      <h2 class=\"grve-box-title grve-h3\">Graphisme web &amp; print<\/h2>    <p class=\"\">Cr\u00e9ation de logos<br \/>\nCr\u00e9ation de charte graphique<br \/>\nSupport de communication<br \/>\nCr\u00e9ation de maquette web<br \/>\nMontage<br \/>\nPhotographie et retouche photo<\/p>  <\/div><\/div>[\/vc_column][vc_column width=\u00a0\u00bb1\/4&Prime;]<div class=\"grve-element grve-box-icon grve-align-center grve-medium grve-animated-item grve-fadeInUp\" style=\"\" data-delay=\"200\">  <div class=\"grve-wrapper-icon grve-no-shape grve-text-grey\"><i class=\"smp-icon-globe grve-text-white\"><\/i><\/div>  <div class=\"grve-box-content\">      <h2 class=\"grve-box-title grve-h3\">D\u00e9veloppement &amp; marketing web<\/h2>    <p class=\"\">Cr\u00e9ation de site internet vitrine &#8211; WordPress<br \/>\nSuivi des performance web et ajustement<br \/>\nSEO : M\u00e9ta-description, mots cl\u00e9s, optimisation YOAST<br \/>\nNewsletter\n\n\n<\/p>  <\/div><\/div>[\/vc_column][vc_column width=\u00a0\u00bb1\/4&Prime;]<div class=\"grve-element grve-box-icon grve-align-center grve-medium grve-animated-item grve-fadeInUp\" style=\"\" data-delay=\"200\">  <div class=\"grve-wrapper-icon grve-no-shape grve-text-grey\"><i class=\"smp-icon-people grve-text-white\"><\/i><\/div>  <div class=\"grve-box-content\">      <h2 class=\"grve-box-title grve-h3\">Social media<\/h2>    <p class=\"\">Analyse march\u00e9 et veille sur les tendances<br \/>\nConception de ligne \u00e9ditoriale<br \/>\nAnimation des communaut\u00e9s<br \/>\nSuivi, analyse et reporting des performances\n\n\n<\/p>  <\/div><\/div>[\/vc_column][vc_column width=\u00a0\u00bb1\/4&Prime;]<div class=\"grve-element grve-box-icon grve-align-center grve-medium grve-animated-item grve-fadeInUp\" style=\"\" data-delay=\"200\">  <div class=\"grve-wrapper-icon grve-no-shape grve-text-grey\"><i class=\"smp-icon-badge grve-text-white\"><\/i><\/div>  <div class=\"grve-box-content\">      <h2 class=\"grve-box-title grve-h3\">Gestion de projet<\/h2>    <p class=\"\">Liste non exhaustive : Cadrage des besoins, conseil, coordination et suivi de projets digitaux,<br \/>\ncomposition de l\u2019\u00e9quipe, coaching et formations, recettage, planning de livraison,<br \/>\nv\u00e9rification des indicateurs de performance (KPI)<br \/>\n<\/p>  <\/div><\/div>[\/vc_column][\/vc_row][vc_row heading_color=\u00a0\u00bbprimary-1&Prime; header_feature=\u00a0\u00bbyes\u00a0\u00bb equal_column_height=\u00a0\u00bbmiddle-content\u00a0\u00bb scroll_header_style=\u00a0\u00bblight\u00a0\u00bb padding_top=\u00a0\u00bb100&Prime; padding_bottom=\u00a0\u00bb100&Prime; margin_bottom=\u00a0\u00bb0&Prime;][vc_column css=\u00a0\u00bb.vc_custom_1453425559932{border-right-width: 1px !important;border-right-color: #e0e0e0 !important;border-right-style: solid !important;}\u00a0\u00bb]<div class=\"grve-element grve-slogan grve-align-center grve-animated-item grve-zoomIn\" style=\"\" data-delay=\"200\"><h2 class=\"grve-slogan-title grve-align-center grve-h2\"><span>Un projet en t\u00eate ? Rencontrons-nous !<\/span><\/h2>  <p class=\"grve-leader-text\">Parcours atypique, je poss\u00e8de un profil polyvalent : Gestion de projets digitaux, graphisme, d\u00e9veloppement, marketing web, community management, photographie. Toujours curieuse et \u00e0 l\u2019aff\u00fbt des nouvelles tendances je propose aujourd\u2019hui mes services en tant que freelance et serais \u00e0 m\u00eame de vous guider dans vos choix strat\u00e9giques pour gagner en visibilit\u00e9 et atteindre au mieux vos objectifs !<\/p><div class=\"grve-btn-wrapper\"><a href=\"mailto:elodie.chazalon@gmail.com\" title=\"Contactez-moi\" class=\"grve-btn grve-btn-extralarge grve-square grve-bg-black grve-bg-hover-primary-1\"><span><i class=\"fa fa-id-card-o\"><\/i>Contactez-moi<\/span><\/a><\/div><\/div>[\/vc_column][\/vc_row][vc_row bg_type=\u00a0\u00bbcolor\u00a0\u00bb header_feature=\u00a0\u00bbyes\u00a0\u00bb equal_column_height=\u00a0\u00bbmiddle-content\u00a0\u00bb padding_top=\u00a0\u00bb140&Prime; padding_bottom=\u00a0\u00bb140&Prime; margin_bottom=\u00a0\u00bb0&Prime; bg_color=\u00a0\u00bb#0a0a0a\u00a0\u00bb][vc_column width=\u00a0\u00bb1\/2&Prime; css=\u00a0\u00bb.vc_custom_1453425559932{border-right-width: 1px !important;border-right-color: #e0e0e0 !important;border-right-style: solid !important;}\u00a0\u00bb]<div class=\"grve-element grve-pricing-table grve-animated-item grve-zoomIn grve-style-2\" style=\"\" data-delay=\"200\">  <div class=\"grve-pricing-header\">    <h5 class=\"grve-pricing-title\">Mission en r\u00e9gie<\/h5>    <div class=\"grve-pricing-description\"><\/div>    <div class=\"grve-pricing-content\">      <h3 class=\"grve-price grve-h3 grve-text-black\">400 \u20ac<span><\/span><\/h3>    <\/div>  <\/div>  <ul><li><strong>Prestations \u00e0 la journ\u00e9e. <\/strong><\/li>  <\/ul><a href=\"mailto:elodie.chazalon@gmail.com\" class=\"grve-btn grve-btn-medium grve-square grve-bg-primary-1 grve-bg-hover-black\"><span><i class=\"fa fa-envelope-open\"><\/i>Me contacter<\/span><\/a><\/div>[\/vc_column][vc_column width=\u00a0\u00bb1\/2&Prime;]<div class=\"grve-element grve-pricing-table grve-animated-item grve-zoomIn grve-style-2\" style=\"\" data-delay=\"200\">  <div class=\"grve-pricing-header\">    <h5 class=\"grve-pricing-title\">Missions au forfait ou Projets<\/h5>    <div class=\"grve-pricing-description\"><\/div>    <div class=\"grve-pricing-content\">      <h3 class=\"grve-price grve-h3 grve-text-black\">sur devis uniquement<span><\/span><\/h3>    <\/div>  <\/div>  <ul><li><strong>Communication visuelle - Print ou Digital  <\/strong><\/li><li><strong>D\u00e9veloppement wordpress - site vitrine <\/strong><\/li><li><strong>Community Management <\/strong><\/li><li><strong>R\u00e9f\u00e9rencement naturel - SEO <\/strong><\/li><li><strong>Autres ? <\/strong><\/li>  <\/ul><a href=\"mailto:elodie.chazalon@gmail.com\" target=\"_blank\" class=\"grve-btn grve-btn-large grve-square grve-bg-primary-1 grve-bg-hover-black\"><span><i class=\"fa fa-envelope-open\"><\/i>Me contacter<\/span><\/a><\/div>[\/vc_column][\/vc_row][vc_row heading_color=\u00a0\u00bbprimary-1&Prime; bg_type=\u00a0\u00bbcolor\u00a0\u00bb font_color=\u00a0\u00bb#000000&Prime; bg_color=\u00a0\u00bb#ffffff\u00a0\u00bb padding_top=\u00a0\u00bb120&Prime; padding_bottom=\u00a0\u00bb140&Prime; margin_bottom=\u00a0\u00bb0&Prime;][vc_column]<div class=\"grve-element grve-slogan grve-align-center grve-animated-item grve-zoomIn\" style=\"\" data-delay=\"200\"><h2 class=\"grve-slogan-title grve-align-center grve-h2\"><span>Prenons contact<\/span><\/h2>  <p class=\"\">Puisque chaque projet est unique, je vous invite \u00e0 me contacter par mail ou via le formulaire pour que nous discutions ensemble de la strat\u00e9gie et les moyens de communication les mieux adapt\u00e9s pour faire de votre projet une r\u00e9ussite\u2009! Ne laissez pas le hasard faire les choses, prenez-les devants\u2009!<\/p><\/div>[\/vc_column][\/vc_row][vc_row heading_color=\u00a0\u00bblight\u00a0\u00bb bg_type=\u00a0\u00bbcolor\u00a0\u00bb font_color=\u00a0\u00bb#bdbdbd\u00a0\u00bb bg_color=\u00a0\u00bb#232323&Prime; padding_top=\u00a0\u00bb120&Prime; padding_bottom=\u00a0\u00bb140&Prime; margin_bottom=\u00a0\u00bb0&Prime;][vc_column][vc_row_inner][vc_column_inner width=\u00a0\u00bb1\/6&Prime;][\/vc_column_inner][vc_column_inner width=\u00a0\u00bb2\/3&Prime;]\n<div class=\"wpcf7 no-js\" id=\"wpcf7-f6442-o1\" lang=\"en-US\" dir=\"ltr\">\n<div class=\"screen-reader-response\"><p role=\"status\" aria-live=\"polite\" aria-atomic=\"true\"><\/p> <ul><\/ul><\/div>\n<form action=\"\/index.php\/wp-json\/wp\/v2\/pages\/11759#wpcf7-f6442-o1\" method=\"post\" class=\"wpcf7-form init\" aria-label=\"Contact form\" novalidate=\"novalidate\" data-status=\"init\">\n<div style=\"display: none;\">\n<input type=\"hidden\" name=\"_wpcf7\" value=\"6442\" \/>\n<input type=\"hidden\" name=\"_wpcf7_version\" value=\"5.9.6\" \/>\n<input type=\"hidden\" name=\"_wpcf7_locale\" value=\"en_US\" \/>\n<input type=\"hidden\" name=\"_wpcf7_unit_tag\" value=\"wpcf7-f6442-o1\" \/>\n<input type=\"hidden\" name=\"_wpcf7_container_post\" value=\"0\" \/>\n<input type=\"hidden\" name=\"_wpcf7_posted_data_hash\" value=\"\" \/>\n<input type=\"hidden\" name=\"_wpcf7_recaptcha_response\" value=\"\" \/>\n<\/div>\n<div class=\"grve-form-style-2 grve-form-light\">\n\t<div class=\"grve-one-half\">\n\t\t<p><span class=\"wpcf7-form-control-wrap\" data-name=\"your-name\"><input size=\"40\" maxlength=\"80\" class=\"wpcf7-form-control wpcf7-text wpcf7-validates-as-required\" aria-required=\"true\" aria-invalid=\"false\" placeholder=\"Votre pr\u00e9nom et nom (obligatoire)\" value=\"\" type=\"text\" name=\"your-name\" \/><\/span>\n\t\t<\/p>\n\t<\/div>\n\t<div class=\"grve-one-half grve-last-column\">\n\t\t<p><span class=\"wpcf7-form-control-wrap\" data-name=\"your-email\"><input size=\"40\" maxlength=\"80\" class=\"wpcf7-form-control wpcf7-email wpcf7-validates-as-required wpcf7-text wpcf7-validates-as-email\" aria-required=\"true\" aria-invalid=\"false\" placeholder=\"Votre E-mail (required)\" value=\"\" type=\"email\" name=\"your-email\" \/><\/span>\n\t\t<\/p>\n\t<\/div>\n\t<div>\n\t\t<p><span class=\"wpcf7-form-control-wrap\" data-name=\"your-subject\"><input size=\"40\" maxlength=\"80\" class=\"wpcf7-form-control wpcf7-text\" aria-invalid=\"false\" placeholder=\"Sujet\" value=\"\" type=\"text\" name=\"your-subject\" \/><\/span>\n\t\t<\/p>\n\t<\/div>\n\t<div>\n\t\t<p><span class=\"wpcf7-form-control-wrap\" data-name=\"your-message\"><textarea cols=\"40\" rows=\"10\" maxlength=\"400\" class=\"wpcf7-form-control wpcf7-textarea\" aria-invalid=\"false\" placeholder=\"Votre message\" name=\"your-message\"><\/textarea><\/span>\n\t\t<\/p>\n\t<\/div>\n\t<div>\n\t\t<p><input class=\"wpcf7-form-control wpcf7-submit has-spinner grve-custom-btn\" type=\"submit\" value=\"Envoyer votre message\" \/>\n\t\t<\/p>\n\t\n\t<\/div>\n<\/div><p style=\"display: none !important;\" class=\"akismet-fields-container\" data-prefix=\"_wpcf7_ak_\"><label>&#916;<textarea name=\"_wpcf7_ak_hp_textarea\" cols=\"45\" rows=\"8\" maxlength=\"100\"><\/textarea><\/label><input type=\"hidden\" id=\"ak_js_1\" name=\"_wpcf7_ak_js\" value=\"85\"\/><script type=\"text\/javascript\">\n\/* <![CDATA[ *\/\ndocument.getElementById( \"ak_js_1\" ).setAttribute( \"value\", ( new Date() ).getTime() );\n\/* ]]> *\/\n<\/script>\n<\/p><div class=\"wpcf7-response-output\" aria-hidden=\"true\"><\/div>\n<\/form>\n<\/div>\n[\/vc_column_inner][vc_column_inner width=\u00a0\u00bb1\/6&Prime;][\/vc_column_inner][\/vc_row_inner][\/vc_column][\/vc_row]<\/p>\n","protected":false},"excerpt":{"rendered":"<p>[vc_row heading_color=\u00a0\u00bblight\u00a0\u00bb section_type=\u00a0\u00bbfullwidth\u00a0\u00bb bg_type=\u00a0\u00bbcolor\u00a0\u00bb header_feature=\u00a0\u00bbyes\u00a0\u00bb bg_color=\u00a0\u00bb#0c0c0c\u00a0\u00bb padding_bottom=\u00a0\u00bb100&Prime; font_color=\u00a0\u00bb#ffffff\u00a0\u00bb padding_top=\u00a0\u00bb100&Prime;][vc_column width=\u00a0\u00bb1\/4&Prime;][\/vc_column][vc_column width=\u00a0\u00bb1\/4&Prime;][\/vc_column][vc_column width=\u00a0\u00bb1\/4&Prime;][\/vc_column][vc_column width=\u00a0\u00bb1\/4&Prime;][\/vc_column][\/vc_row][vc_row heading_color=\u00a0\u00bbprimary-1&Prime; header_feature=\u00a0\u00bbyes\u00a0\u00bb equal_column_height=\u00a0\u00bbmiddle-content\u00a0\u00bb scroll_header_style=\u00a0\u00bblight\u00a0\u00bb padding_top=\u00a0\u00bb100&Prime; padding_bottom=\u00a0\u00bb100&Prime; margin_bottom=\u00a0\u00bb0&Prime;][vc_column css=\u00a0\u00bb.vc_custom_1453425559932{border-right-width: 1px !important;border-right-color: #e0e0e0 !important;border-right-style: solid !important;}\u00a0\u00bb][\/vc_column][\/vc_row][vc_row bg_type=\u00a0\u00bbcolor\u00a0\u00bb header_feature=\u00a0\u00bbyes\u00a0\u00bb equal_column_height=\u00a0\u00bbmiddle-content\u00a0\u00bb padding_top=\u00a0\u00bb140&Prime; padding_bottom=\u00a0\u00bb140&Prime; margin_bottom=\u00a0\u00bb0&Prime; bg_color=\u00a0\u00bb#0a0a0a\u00a0\u00bb][vc_column width=\u00a0\u00bb1\/2&Prime; css=\u00a0\u00bb.vc_custom_1453425559932{border-right-width: 1px !important;border-right-color: #e0e0e0 !important;border-right-style: solid !important;}\u00a0\u00bb][\/vc_column][vc_column width=\u00a0\u00bb1\/2&Prime;][\/vc_column][\/vc_row][vc_row heading_color=\u00a0\u00bbprimary-1&Prime; bg_type=\u00a0\u00bbcolor\u00a0\u00bb font_color=\u00a0\u00bb#000000&Prime; bg_color=\u00a0\u00bb#ffffff\u00a0\u00bb padding_top=\u00a0\u00bb120&Prime; padding_bottom=\u00a0\u00bb140&Prime; margin_bottom=\u00a0\u00bb0&Prime;][vc_column][\/vc_column][\/vc_row][vc_row heading_color=\u00a0\u00bblight\u00a0\u00bb bg_type=\u00a0\u00bbcolor\u00a0\u00bb font_color=\u00a0\u00bb#bdbdbd\u00a0\u00bb bg_color=\u00a0\u00bb#232323&Prime; padding_top=\u00a0\u00bb120&Prime; [&hellip;]<\/p>\n","protected":false},"author":1,"featured_media":0,"parent":0,"menu_order":0,"comment_status":"closed","ping_status":"closed","template":"","meta":{"_exactmetrics_skip_tracking":false,"_exactmetrics_sitenote_active":false,"_exactmetrics_sitenote_note":"","_exactmetrics_sitenote_category":0,"footnotes":""},"yoast_head":"<!-- This site is optimized with the Yoast SEO plugin v23.0 - https:\/\/yoast.com\/wordpress\/plugins\/seo\/ -->\n<title>Mes prestations freelance dans le digital et la communication visuelle.<\/title>\n<meta name=\"description\" content=\"Gestion de projet digital, graphisme, d\u00e9veloppement, marketing web, community management, photographie. Prenons contact d\u00e8s \u00e0 pr\u00e9sent !\" \/>\n<meta name=\"robots\" content=\"index, follow, max-snippet:-1, max-image-preview:large, max-video-preview:-1\" \/>\n<link rel=\"canonical\" href=\"https:\/\/echazalon.fr\/index.php\/prestations\/\" \/>\n<meta property=\"og:locale\" content=\"fr_FR\" \/>\n<meta property=\"og:type\" content=\"article\" \/>\n<meta property=\"og:title\" content=\"Mes prestations freelance dans le digital et la communication visuelle.\" \/>\n<meta property=\"og:description\" content=\"Gestion de projet digital, graphisme, d\u00e9veloppement, marketing web, community management, photographie. Prenons contact d\u00e8s \u00e0 pr\u00e9sent !\" \/>\n<meta property=\"og:url\" content=\"https:\/\/echazalon.fr\/index.php\/prestations\/\" \/>\n<meta property=\"og:site_name\" content=\"Elodie Chazalon - Manager du digital\" \/>\n<meta property=\"article:modified_time\" content=\"2022-11-08T15:30:15+00:00\" \/>\n<meta name=\"twitter:card\" content=\"summary_large_image\" \/>\n<meta name=\"twitter:label1\" content=\"Dur\u00e9e de lecture estim\u00e9e\" \/>\n\t<meta name=\"twitter:data1\" content=\"2 minutes\" \/>\n<script type=\"application\/ld+json\" class=\"yoast-schema-graph\">{\"@context\":\"https:\/\/schema.org\",\"@graph\":[{\"@type\":\"WebPage\",\"@id\":\"https:\/\/echazalon.fr\/index.php\/prestations\/\",\"url\":\"https:\/\/echazalon.fr\/index.php\/prestations\/\",\"name\":\"Mes prestations freelance dans le digital et la communication visuelle.\",\"isPartOf\":{\"@id\":\"https:\/\/echazalon.fr\/#website\"},\"datePublished\":\"2019-02-23T18:48:23+00:00\",\"dateModified\":\"2022-11-08T15:30:15+00:00\",\"description\":\"Gestion de projet digital, graphisme, d\u00e9veloppement, marketing web, community management, photographie. Prenons contact d\u00e8s \u00e0 pr\u00e9sent !\",\"breadcrumb\":{\"@id\":\"https:\/\/echazalon.fr\/index.php\/prestations\/#breadcrumb\"},\"inLanguage\":\"fr-FR\",\"potentialAction\":[{\"@type\":\"ReadAction\",\"target\":[\"https:\/\/echazalon.fr\/index.php\/prestations\/\"]}]},{\"@type\":\"BreadcrumbList\",\"@id\":\"https:\/\/echazalon.fr\/index.php\/prestations\/#breadcrumb\",\"itemListElement\":[{\"@type\":\"ListItem\",\"position\":1,\"name\":\"Accueil\",\"item\":\"https:\/\/echazalon.fr\/\"},{\"@type\":\"ListItem\",\"position\":2,\"name\":\"Mes prestations\"}]},{\"@type\":\"WebSite\",\"@id\":\"https:\/\/echazalon.fr\/#website\",\"url\":\"https:\/\/echazalon.fr\/\",\"name\":\"Elodie Chazalon - Manager du digital\",\"description\":\"Elodie Chazalon freelance : communication visuelle, digital, webmarketing\",\"potentialAction\":[{\"@type\":\"SearchAction\",\"target\":{\"@type\":\"EntryPoint\",\"urlTemplate\":\"https:\/\/echazalon.fr\/?s={search_term_string}\"},\"query-input\":\"required name=search_term_string\"}],\"inLanguage\":\"fr-FR\"}]}<\/script>\n<!-- \/ Yoast SEO plugin. -->","yoast_head_json":{"title":"Mes prestations freelance dans le digital et la communication visuelle.","description":"Gestion de projet digital, graphisme, d\u00e9veloppement, marketing web, community management, photographie. Prenons contact d\u00e8s \u00e0 pr\u00e9sent !","robots":{"index":"index","follow":"follow","max-snippet":"max-snippet:-1","max-image-preview":"max-image-preview:large","max-video-preview":"max-video-preview:-1"},"canonical":"https:\/\/echazalon.fr\/index.php\/prestations\/","og_locale":"fr_FR","og_type":"article","og_title":"Mes prestations freelance dans le digital et la communication visuelle.","og_description":"Gestion de projet digital, graphisme, d\u00e9veloppement, marketing web, community management, photographie. Prenons contact d\u00e8s \u00e0 pr\u00e9sent !","og_url":"https:\/\/echazalon.fr\/index.php\/prestations\/","og_site_name":"Elodie Chazalon - Manager du digital","article_modified_time":"2022-11-08T15:30:15+00:00","twitter_card":"summary_large_image","twitter_misc":{"Dur\u00e9e de lecture estim\u00e9e":"2 minutes"},"schema":{"@context":"https:\/\/schema.org","@graph":[{"@type":"WebPage","@id":"https:\/\/echazalon.fr\/index.php\/prestations\/","url":"https:\/\/echazalon.fr\/index.php\/prestations\/","name":"Mes prestations freelance dans le digital et la communication visuelle.","isPartOf":{"@id":"https:\/\/echazalon.fr\/#website"},"datePublished":"2019-02-23T18:48:23+00:00","dateModified":"2022-11-08T15:30:15+00:00","description":"Gestion de projet digital, graphisme, d\u00e9veloppement, marketing web, community management, photographie. Prenons contact d\u00e8s \u00e0 pr\u00e9sent !","breadcrumb":{"@id":"https:\/\/echazalon.fr\/index.php\/prestations\/#breadcrumb"},"inLanguage":"fr-FR","potentialAction":[{"@type":"ReadAction","target":["https:\/\/echazalon.fr\/index.php\/prestations\/"]}]},{"@type":"BreadcrumbList","@id":"https:\/\/echazalon.fr\/index.php\/prestations\/#breadcrumb","itemListElement":[{"@type":"ListItem","position":1,"name":"Accueil","item":"https:\/\/echazalon.fr\/"},{"@type":"ListItem","position":2,"name":"Mes prestations"}]},{"@type":"WebSite","@id":"https:\/\/echazalon.fr\/#website","url":"https:\/\/echazalon.fr\/","name":"Elodie Chazalon - Manager du digital","description":"Elodie Chazalon freelance : communication visuelle, digital, webmarketing","potentialAction":[{"@type":"SearchAction","target":{"@type":"EntryPoint","urlTemplate":"https:\/\/echazalon.fr\/?s={search_term_string}"},"query-input":"required name=search_term_string"}],"inLanguage":"fr-FR"}]}},"_links":{"self":[{"href":"https:\/\/echazalon.fr\/index.php\/wp-json\/wp\/v2\/pages\/11759"}],"collection":[{"href":"https:\/\/echazalon.fr\/index.php\/wp-json\/wp\/v2\/pages"}],"about":[{"href":"https:\/\/echazalon.fr\/index.php\/wp-json\/wp\/v2\/types\/page"}],"author":[{"embeddable":true,"href":"https:\/\/echazalon.fr\/index.php\/wp-json\/wp\/v2\/users\/1"}],"replies":[{"embeddable":true,"href":"https:\/\/echazalon.fr\/index.php\/wp-json\/wp\/v2\/comments?post=11759"}],"version-history":[{"count":133,"href":"https:\/\/echazalon.fr\/index.php\/wp-json\/wp\/v2\/pages\/11759\/revisions"}],"predecessor-version":[{"id":12060,"href":"https:\/\/echazalon.fr\/index.php\/wp-json\/wp\/v2\/pages\/11759\/revisions\/12060"}],"wp:attachment":[{"href":"https:\/\/echazalon.fr\/index.php\/wp-json\/wp\/v2\/media?parent=11759"}],"curies":[{"name":"wp","href":"https:\/\/api.w.org\/{rel}","templated":true}]}}