{"id":7671,"date":"2016-01-22T01:15:06","date_gmt":"2016-01-22T01:15:06","guid":{"rendered":"http:\/\/echazalon.fr\/index.php\/contact-us-ii\/"},"modified":"2018-10-03T08:57:17","modified_gmt":"2018-10-03T06:57:17","slug":"contact","status":"publish","type":"page","link":"https:\/\/echazalon.fr\/index.php\/contact\/","title":{"rendered":"Contact"},"content":{"rendered":"<p>[vc_row header_feature=\u00a0\u00bbyes\u00a0\u00bb equal_column_height=\u00a0\u00bbmiddle-content\u00a0\u00bb padding_top=\u00a0\u00bb140&Prime; padding_bottom=\u00a0\u00bb140&Prime; margin_bottom=\u00a0\u00bb0&Prime;][vc_column width=\u00a0\u00bb1\/2&Prime; css=\u00a0\u00bb.vc_custom_1453425559932{border-right-width: 1px !important;border-right-color: #e0e0e0 !important;border-right-style: solid !important;}\u00a0\u00bb][vc_column_text el_id=\u00a0\u00bbP\u00a0\u00bb]<\/p>\n<h2>Prenons contact<br \/>\nensemble !<\/h2>\n<p>[\/vc_column_text][\/vc_column][vc_column width=\u00a0\u00bb1\/2&Prime;][vc_column_text]Si vous souhaitez me contacter, je vous invite \u00e0 remplir le formulaire ci-dessous et je vous r\u00e9pondrai dans les plus brefs d\u00e9lais.[\/vc_column_text][\/vc_column][\/vc_row][vc_row heading_color=\u00a0\u00bblight\u00a0\u00bb bg_type=\u00a0\u00bbcolor\u00a0\u00bb font_color=\u00a0\u00bb#bdbdbd\u00a0\u00bb bg_color=\u00a0\u00bb#232323&Prime; padding_top=\u00a0\u00bb120&Prime; padding_bottom=\u00a0\u00bb140&Prime; margin_bottom=\u00a0\u00bb0&Prime;][vc_column]<div class=\"grve-element grve-slogan grve-align-center\" style=\"\"><h2 class=\"grve-slogan-title grve-align-center grve-h3\"><span>Int\u00e9ress\u00e9 par mon profil ?<\/span><\/h2><\/div>[vc_row_inner][vc_column_inner width=\u00a0\u00bb1\/6&Prime;][\/vc_column_inner][vc_column_inner width=\u00a0\u00bb2\/3&Prime;]\n<div class=\"wpcf7 no-js\" id=\"wpcf7-f6442-o1\" lang=\"en-US\" dir=\"ltr\">\n<div class=\"screen-reader-response\"><p role=\"status\" aria-live=\"polite\" aria-atomic=\"true\"><\/p> <ul><\/ul><\/div>\n<form action=\"\/index.php\/wp-json\/wp\/v2\/pages\/7671#wpcf7-f6442-o1\" method=\"post\" class=\"wpcf7-form init\" aria-label=\"Contact form\" novalidate=\"novalidate\" data-status=\"init\">\n<div style=\"display: none;\">\n<input type=\"hidden\" name=\"_wpcf7\" value=\"6442\" \/>\n<input type=\"hidden\" name=\"_wpcf7_version\" value=\"5.9.6\" \/>\n<input type=\"hidden\" name=\"_wpcf7_locale\" value=\"en_US\" \/>\n<input type=\"hidden\" name=\"_wpcf7_unit_tag\" value=\"wpcf7-f6442-o1\" \/>\n<input type=\"hidden\" name=\"_wpcf7_container_post\" value=\"0\" \/>\n<input type=\"hidden\" name=\"_wpcf7_posted_data_hash\" value=\"\" \/>\n<input type=\"hidden\" name=\"_wpcf7_recaptcha_response\" value=\"\" \/>\n<\/div>\n<div class=\"grve-form-style-2 grve-form-light\">\n\t<div class=\"grve-one-half\">\n\t\t<p><span class=\"wpcf7-form-control-wrap\" data-name=\"your-name\"><input size=\"40\" maxlength=\"80\" class=\"wpcf7-form-control wpcf7-text wpcf7-validates-as-required\" aria-required=\"true\" aria-invalid=\"false\" placeholder=\"Votre pr\u00e9nom et nom (obligatoire)\" value=\"\" type=\"text\" name=\"your-name\" \/><\/span>\n\t\t<\/p>\n\t<\/div>\n\t<div class=\"grve-one-half grve-last-column\">\n\t\t<p><span class=\"wpcf7-form-control-wrap\" data-name=\"your-email\"><input size=\"40\" maxlength=\"80\" class=\"wpcf7-form-control wpcf7-email wpcf7-validates-as-required wpcf7-text wpcf7-validates-as-email\" aria-required=\"true\" aria-invalid=\"false\" placeholder=\"Votre E-mail (required)\" value=\"\" type=\"email\" name=\"your-email\" \/><\/span>\n\t\t<\/p>\n\t<\/div>\n\t<div>\n\t\t<p><span class=\"wpcf7-form-control-wrap\" data-name=\"your-subject\"><input size=\"40\" maxlength=\"80\" class=\"wpcf7-form-control wpcf7-text\" aria-invalid=\"false\" placeholder=\"Sujet\" value=\"\" type=\"text\" name=\"your-subject\" \/><\/span>\n\t\t<\/p>\n\t<\/div>\n\t<div>\n\t\t<p><span class=\"wpcf7-form-control-wrap\" data-name=\"your-message\"><textarea cols=\"40\" rows=\"10\" maxlength=\"400\" class=\"wpcf7-form-control wpcf7-textarea\" aria-invalid=\"false\" placeholder=\"Votre message\" name=\"your-message\"><\/textarea><\/span>\n\t\t<\/p>\n\t<\/div>\n\t<div>\n\t\t<p><input class=\"wpcf7-form-control wpcf7-submit has-spinner grve-custom-btn\" type=\"submit\" value=\"Envoyer votre message\" \/>\n\t\t<\/p>\n\t\n\t<\/div>\n<\/div><p style=\"display: none !important;\" class=\"akismet-fields-container\" data-prefix=\"_wpcf7_ak_\"><label>&#916;<textarea name=\"_wpcf7_ak_hp_textarea\" cols=\"45\" rows=\"8\" maxlength=\"100\"><\/textarea><\/label><input type=\"hidden\" id=\"ak_js_1\" name=\"_wpcf7_ak_js\" value=\"172\"\/><script type=\"text\/javascript\">\n\/* <![CDATA[ *\/\ndocument.getElementById( \"ak_js_1\" ).setAttribute( \"value\", ( new Date() ).getTime() );\n\/* ]]> *\/\n<\/script>\n<\/p><div class=\"wpcf7-response-output\" aria-hidden=\"true\"><\/div>\n<\/form>\n<\/div>\n[\/vc_column_inner][vc_column_inner width=\u00a0\u00bb1\/6&Prime;][\/vc_column_inner][\/vc_row_inner][\/vc_column][\/vc_row]<\/p>\n","protected":false},"excerpt":{"rendered":"<p>[vc_row header_feature=\u00a0\u00bbyes\u00a0\u00bb equal_column_height=\u00a0\u00bbmiddle-content\u00a0\u00bb padding_top=\u00a0\u00bb140&Prime; padding_bottom=\u00a0\u00bb140&Prime; margin_bottom=\u00a0\u00bb0&Prime;][vc_column width=\u00a0\u00bb1\/2&Prime; css=\u00a0\u00bb.vc_custom_1453425559932{border-right-width: 1px !important;border-right-color: #e0e0e0 !important;border-right-style: solid !important;}\u00a0\u00bb][vc_column_text el_id=\u00a0\u00bbP\u00a0\u00bb] Prenons contact ensemble ! [\/vc_column_text][\/vc_column][vc_column width=\u00a0\u00bb1\/2&Prime;][vc_column_text]Si vous souhaitez me contacter, je vous invite \u00e0 remplir le formulaire ci-dessous et je vous r\u00e9pondrai dans les plus brefs d\u00e9lais.[\/vc_column_text][\/vc_column][\/vc_row][vc_row heading_color=\u00a0\u00bblight\u00a0\u00bb bg_type=\u00a0\u00bbcolor\u00a0\u00bb font_color=\u00a0\u00bb#bdbdbd\u00a0\u00bb bg_color=\u00a0\u00bb#232323&Prime; padding_top=\u00a0\u00bb120&Prime; padding_bottom=\u00a0\u00bb140&Prime; margin_bottom=\u00a0\u00bb0&Prime;][vc_column][vc_row_inner][vc_column_inner width=\u00a0\u00bb1\/6&Prime;][\/vc_column_inner][vc_column_inner width=\u00a0\u00bb2\/3&Prime;][\/vc_column_inner][vc_column_inner width=\u00a0\u00bb1\/6&Prime;][\/vc_column_inner][\/vc_row_inner][\/vc_column][\/vc_row]<\/p>\n","protected":false},"author":1,"featured_media":0,"parent":0,"menu_order":0,"comment_status":"closed","ping_status":"closed","template":"","meta":{"_exactmetrics_skip_tracking":false,"_exactmetrics_sitenote_active":false,"_exactmetrics_sitenote_note":"","_exactmetrics_sitenote_category":0,"footnotes":""},"yoast_head":"<!-- This site is optimized with the Yoast SEO plugin v23.0 - https:\/\/yoast.com\/wordpress\/plugins\/seo\/ -->\n<title>Contact : N&#039;h\u00e9sitez pas \u00e0 prendre contact avec moi via le formulaire<\/title>\n<meta name=\"description\" content=\"Dipl\u00f4m\u00e9e en communication visuelle et en marketing digital. Je vous invite \u00e0 prendre contact via le formulaire afin de faire plus ample connaissance !\" \/>\n<meta name=\"robots\" content=\"index, follow, max-snippet:-1, max-image-preview:large, max-video-preview:-1\" \/>\n<link rel=\"canonical\" href=\"https:\/\/echazalon.fr\/index.php\/contact\/\" \/>\n<meta property=\"og:locale\" content=\"fr_FR\" \/>\n<meta property=\"og:type\" content=\"article\" \/>\n<meta property=\"og:title\" content=\"Contact : N&#039;h\u00e9sitez pas \u00e0 prendre contact avec moi via le formulaire\" \/>\n<meta property=\"og:description\" content=\"Dipl\u00f4m\u00e9e en communication visuelle et en marketing digital. Je vous invite \u00e0 prendre contact via le formulaire afin de faire plus ample connaissance !\" \/>\n<meta property=\"og:url\" content=\"https:\/\/echazalon.fr\/index.php\/contact\/\" \/>\n<meta property=\"og:site_name\" content=\"Elodie Chazalon - Manager du digital\" \/>\n<meta property=\"article:modified_time\" content=\"2018-10-03T06:57:17+00:00\" \/>\n<meta name=\"twitter:card\" content=\"summary_large_image\" \/>\n<meta name=\"twitter:label1\" content=\"Dur\u00e9e de lecture estim\u00e9e\" \/>\n\t<meta name=\"twitter:data1\" content=\"1 minute\" \/>\n<script type=\"application\/ld+json\" class=\"yoast-schema-graph\">{\"@context\":\"https:\/\/schema.org\",\"@graph\":[{\"@type\":\"WebPage\",\"@id\":\"https:\/\/echazalon.fr\/index.php\/contact\/\",\"url\":\"https:\/\/echazalon.fr\/index.php\/contact\/\",\"name\":\"Contact : N'h\u00e9sitez pas \u00e0 prendre contact avec moi via le formulaire\",\"isPartOf\":{\"@id\":\"https:\/\/echazalon.fr\/#website\"},\"datePublished\":\"2016-01-22T01:15:06+00:00\",\"dateModified\":\"2018-10-03T06:57:17+00:00\",\"description\":\"Dipl\u00f4m\u00e9e en communication visuelle et en marketing digital. Je vous invite \u00e0 prendre contact via le formulaire afin de faire plus ample connaissance !\",\"breadcrumb\":{\"@id\":\"https:\/\/echazalon.fr\/index.php\/contact\/#breadcrumb\"},\"inLanguage\":\"fr-FR\",\"potentialAction\":[{\"@type\":\"ReadAction\",\"target\":[\"https:\/\/echazalon.fr\/index.php\/contact\/\"]}]},{\"@type\":\"BreadcrumbList\",\"@id\":\"https:\/\/echazalon.fr\/index.php\/contact\/#breadcrumb\",\"itemListElement\":[{\"@type\":\"ListItem\",\"position\":1,\"name\":\"Accueil\",\"item\":\"https:\/\/echazalon.fr\/\"},{\"@type\":\"ListItem\",\"position\":2,\"name\":\"Contact\"}]},{\"@type\":\"WebSite\",\"@id\":\"https:\/\/echazalon.fr\/#website\",\"url\":\"https:\/\/echazalon.fr\/\",\"name\":\"Elodie Chazalon - Manager du digital\",\"description\":\"Elodie Chazalon freelance : communication visuelle, digital, webmarketing\",\"potentialAction\":[{\"@type\":\"SearchAction\",\"target\":{\"@type\":\"EntryPoint\",\"urlTemplate\":\"https:\/\/echazalon.fr\/?s={search_term_string}\"},\"query-input\":\"required name=search_term_string\"}],\"inLanguage\":\"fr-FR\"}]}<\/script>\n<!-- \/ Yoast SEO plugin. -->","yoast_head_json":{"title":"Contact : N'h\u00e9sitez pas \u00e0 prendre contact avec moi via le formulaire","description":"Dipl\u00f4m\u00e9e en communication visuelle et en marketing digital. Je vous invite \u00e0 prendre contact via le formulaire afin de faire plus ample connaissance !","robots":{"index":"index","follow":"follow","max-snippet":"max-snippet:-1","max-image-preview":"max-image-preview:large","max-video-preview":"max-video-preview:-1"},"canonical":"https:\/\/echazalon.fr\/index.php\/contact\/","og_locale":"fr_FR","og_type":"article","og_title":"Contact : N'h\u00e9sitez pas \u00e0 prendre contact avec moi via le formulaire","og_description":"Dipl\u00f4m\u00e9e en communication visuelle et en marketing digital. Je vous invite \u00e0 prendre contact via le formulaire afin de faire plus ample connaissance !","og_url":"https:\/\/echazalon.fr\/index.php\/contact\/","og_site_name":"Elodie Chazalon - Manager du digital","article_modified_time":"2018-10-03T06:57:17+00:00","twitter_card":"summary_large_image","twitter_misc":{"Dur\u00e9e de lecture estim\u00e9e":"1 minute"},"schema":{"@context":"https:\/\/schema.org","@graph":[{"@type":"WebPage","@id":"https:\/\/echazalon.fr\/index.php\/contact\/","url":"https:\/\/echazalon.fr\/index.php\/contact\/","name":"Contact : N'h\u00e9sitez pas \u00e0 prendre contact avec moi via le formulaire","isPartOf":{"@id":"https:\/\/echazalon.fr\/#website"},"datePublished":"2016-01-22T01:15:06+00:00","dateModified":"2018-10-03T06:57:17+00:00","description":"Dipl\u00f4m\u00e9e en communication visuelle et en marketing digital. Je vous invite \u00e0 prendre contact via le formulaire afin de faire plus ample connaissance !","breadcrumb":{"@id":"https:\/\/echazalon.fr\/index.php\/contact\/#breadcrumb"},"inLanguage":"fr-FR","potentialAction":[{"@type":"ReadAction","target":["https:\/\/echazalon.fr\/index.php\/contact\/"]}]},{"@type":"BreadcrumbList","@id":"https:\/\/echazalon.fr\/index.php\/contact\/#breadcrumb","itemListElement":[{"@type":"ListItem","position":1,"name":"Accueil","item":"https:\/\/echazalon.fr\/"},{"@type":"ListItem","position":2,"name":"Contact"}]},{"@type":"WebSite","@id":"https:\/\/echazalon.fr\/#website","url":"https:\/\/echazalon.fr\/","name":"Elodie Chazalon - Manager du digital","description":"Elodie Chazalon freelance : communication visuelle, digital, webmarketing","potentialAction":[{"@type":"SearchAction","target":{"@type":"EntryPoint","urlTemplate":"https:\/\/echazalon.fr\/?s={search_term_string}"},"query-input":"required name=search_term_string"}],"inLanguage":"fr-FR"}]}},"_links":{"self":[{"href":"https:\/\/echazalon.fr\/index.php\/wp-json\/wp\/v2\/pages\/7671"}],"collection":[{"href":"https:\/\/echazalon.fr\/index.php\/wp-json\/wp\/v2\/pages"}],"about":[{"href":"https:\/\/echazalon.fr\/index.php\/wp-json\/wp\/v2\/types\/page"}],"author":[{"embeddable":true,"href":"https:\/\/echazalon.fr\/index.php\/wp-json\/wp\/v2\/users\/1"}],"replies":[{"embeddable":true,"href":"https:\/\/echazalon.fr\/index.php\/wp-json\/wp\/v2\/comments?post=7671"}],"version-history":[{"count":5,"href":"https:\/\/echazalon.fr\/index.php\/wp-json\/wp\/v2\/pages\/7671\/revisions"}],"predecessor-version":[{"id":11634,"href":"https:\/\/echazalon.fr\/index.php\/wp-json\/wp\/v2\/pages\/7671\/revisions\/11634"}],"wp:attachment":[{"href":"https:\/\/echazalon.fr\/index.php\/wp-json\/wp\/v2\/media?parent=7671"}],"curies":[{"name":"wp","href":"https:\/\/api.w.org\/{rel}","templated":true}]}}