{"id":9095,"date":"2016-01-30T10:17:20","date_gmt":"2016-01-30T10:17:20","guid":{"rendered":"http:\/\/echazalon.fr\/index.php\/homepage-photography\/"},"modified":"2024-04-26T17:12:58","modified_gmt":"2024-04-26T15:12:58","slug":"homepage-2","status":"publish","type":"page","link":"https:\/\/echazalon.fr\/","title":{"rendered":"Bienvenue dans mon univers"},"content":{"rendered":"<p>[vc_row header_feature=\u00a0\u00bbyes\u00a0\u00bb padding_top=\u00a0\u00bb140&Prime; padding_bottom=\u00a0\u00bb140&Prime; margin_bottom=\u00a0\u00bb0&Prime;][vc_column]<div class=\"grve-element grve-image grve-animated-item grve-fadeIn grve-align-center\" style=\"\" data-delay=\"600\"><img loading=\"lazy\" decoding=\"async\" width=\"300\" height=\"292\" src=\"https:\/\/echazalon.fr\/wp-content\/uploads\/2019\/02\/Elodie_Chazalon_logo_version_Noir_2019-300x292.png\" class=\"attachment-medium size-medium\" alt=\"Elodie chazalon logo 2019 version 02\" srcset=\"https:\/\/echazalon.fr\/wp-content\/uploads\/2019\/02\/Elodie_Chazalon_logo_version_Noir_2019-300x292.png 300w, https:\/\/echazalon.fr\/wp-content\/uploads\/2019\/02\/Elodie_Chazalon_logo_version_Noir_2019-768x746.png 768w, https:\/\/echazalon.fr\/wp-content\/uploads\/2019\/02\/Elodie_Chazalon_logo_version_Noir_2019.png 782w\" sizes=\"(max-width: 300px) 100vw, 300px\" \/><\/div>[\/vc_column][vc_column width=\u00a0\u00bb1\/4&Prime;][\/vc_column][vc_column width=\u00a0\u00bb1\/2&Prime;]<div class=\"grve-element grve-slogan grve-align-center grve-animated-item grve-fadeInUp\" style=\"\" data-delay=\"400\"><h2 class=\"grve-slogan-title grve-align-center grve-h2\"><span>A propos<\/span><\/h2>  <p class=\"\">Dipl\u00f4m\u00e9e en communication visuelle, gestion de projet digital\/marketing. Je vous invite \u00e0 d\u00e9couvrir mon univers au travers de mon portfolio vari\u00e9 !<\/p><\/div><div class=\"grve-element grve-align-left\"><a href=\"http:\/\/echazalon.fr\/index.php\/a-propos\/\" target=\"_blank\" class=\"grve-btn grve-btn-medium grve-square grve-bg-black grve-bg-hover-primary-1 grve-fullwidth-btn grve-fluid-btn-short\"><span><i class=\"fa fa-user\"><\/i>Me d\u00e9couvrir<\/span><\/a><\/div>[\/vc_column][vc_column width=\u00a0\u00bb1\/4&Prime;][\/vc_column][\/vc_row][vc_row heading_color=\u00a0\u00bblight\u00a0\u00bb section_type=\u00a0\u00bbfullwidth\u00a0\u00bb bg_type=\u00a0\u00bbcolor\u00a0\u00bb equal_column_height=\u00a0\u00bbequal-column\u00a0\u00bb column_gap=\u00a0\u00bb60&Prime; margin_bottom=\u00a0\u00bb0&Prime; bg_color=\u00a0\u00bb#000000&Prime; padding_top=\u00a0\u00bb100&Prime; padding_bottom=\u00a0\u00bb140&Prime; font_color=\u00a0\u00bb#ffffff\u00a0\u00bb][vc_column width=\u00a0\u00bb1\/4&Prime;]<div class=\"grve-element grve-single-icon grve-align-center grve-medium grve-animated-item grve-fadeIn\" style=\"\" data-delay=\"200\">  <div class=\"grve-wrapper-icon grve-no-shape grve-text-grey\"><i class=\"fa fa-user grve-text-white\"><\/i><\/div><\/div><div class=\"grve-element grve-slogan grve-align-center\" style=\"\"><h2 class=\"grve-slogan-title grve-align-center grve-h3\"><span>GESTION DE PROJET<\/span><\/h2>  <p class=\"\">Vous \u00eates \u00e0 la recherche d\u2019un Chef de projet digital junior ? Gr\u00e2ce \u00e0 ma formation, je serais en mesure d\u2019accompagner et de guider aussi bien vos \u00e9quipes, que vos clients !<\/p><\/div>[\/vc_column][vc_column width=\u00a0\u00bb1\/4&Prime;]<div class=\"grve-element grve-single-icon grve-align-center grve-medium grve-animated-item grve-fadeIn\" style=\"\" data-delay=\"200\">  <div class=\"grve-wrapper-icon grve-no-shape grve-text-grey\"><i class=\"fa fa-laptop grve-text-white\"><\/i><\/div><\/div><div class=\"grve-element grve-slogan grve-align-center\" style=\"\"><h2 class=\"grve-slogan-title grve-align-center grve-h3\"><span>WORDPRESS<\/span><\/h2>  <p class=\"\">Sp\u00e9cialis\u00e9e en d\u00e9veloppement web avec le CMS \u00ab WordPress \u00bb je suis en mesure de cr\u00e9er un site vitrine pour mettre en valeur votre entreprise et votre savoir-faire. Je peux \u00e9galement m\u2019occuper de tout ce qui est SEO.<\/p><\/div>[\/vc_column][vc_column width=\u00a0\u00bb1\/4&Prime;]<div class=\"grve-element grve-single-icon grve-align-center grve-medium grve-animated-item grve-fadeIn\" style=\"\" data-delay=\"200\">  <div class=\"grve-wrapper-icon grve-no-shape grve-text-grey\"><i class=\"fa fa-users grve-text-white\"><\/i><\/div><\/div><div class=\"grve-element grve-slogan grve-align-center\" style=\"\"><h2 class=\"grve-slogan-title grve-align-center grve-h3\"><span>Social media<\/span><\/h2>  <p class=\"\">Que vous soyez un particulier, ou une entreprise, je vous propose mes services en tant que community manager. Cr\u00e9ation et gestion de compte, strat\u00e9gie jusqu&rsquo;\u00e0 la mise en place de tout un univers autour de votre marque. <\/p><\/div>[\/vc_column][vc_column width=\u00a0\u00bb1\/4&Prime;]<div class=\"grve-element grve-single-icon grve-align-center grve-medium grve-animated-item grve-fadeIn\" style=\"\" data-delay=\"200\">  <div class=\"grve-wrapper-icon grve-no-shape grve-text-grey\"><i class=\"fa fa-buysellads grve-text-white\"><\/i><\/div><\/div><div class=\"grve-element grve-slogan grve-align-center\" style=\"\"><h2 class=\"grve-slogan-title grve-align-center grve-h3\"><span>GRAPHISME<\/span><\/h2>  <p class=\"\">Forte de plus de dix ans d\u2019exp\u00e9rience en tant que graphiste, je suis en mesure d\u2019avoir un oeil critique et d\u2019assurer vos projets, aussi bien en print, qu\u2019en digital. <\/p><\/div>[\/vc_column][\/vc_row][vc_row heading_color=\u00a0\u00bblight\u00a0\u00bb bg_type=\u00a0\u00bbimage\u00a0\u00bb bg_image=\u00a0\u00bb11503&Prime; padding_top=\u00a0\u00bb140&Prime; padding_bottom=\u00a0\u00bb140&Prime; margin_bottom=\u00a0\u00bb0&Prime; font_color=\u00a0\u00bb#ffffff\u00a0\u00bb][vc_column width=\u00a0\u00bb1\/4&Prime; tablet_sm_width=\u00a0\u00bb1-6&Prime; css=\u00a0\u00bb.vc_custom_1455446714610{padding-right: 10% !important;padding-left: 10% !important;}\u00a0\u00bb][\/vc_column][vc_column width=\u00a0\u00bb1\/2&Prime; tablet_sm_width=\u00a0\u00bb2-3&Prime;]<div class=\"grve-element grve-slogan grve-align-center\" style=\"\"><h2 class=\"grve-slogan-title grve-align-center grve-h3\"><span>Int\u00e9ress\u00e9 par mon profil ?<\/span><\/h2>  <p class=\"grve-subtitle\">N&rsquo;h\u00e9sitez pas \u00e0 prendre contact via le formulaire ! <\/p><\/div>[vc_empty_space height=\u00a0\u00bb20&Prime;]\n<div class=\"wpcf7 no-js\" id=\"wpcf7-f6442-o1\" lang=\"en-US\" dir=\"ltr\">\n<div class=\"screen-reader-response\"><p role=\"status\" aria-live=\"polite\" aria-atomic=\"true\"><\/p> <ul><\/ul><\/div>\n<form action=\"\/index.php\/wp-json\/wp\/v2\/pages\/9095#wpcf7-f6442-o1\" method=\"post\" class=\"wpcf7-form init\" aria-label=\"Contact form\" novalidate=\"novalidate\" data-status=\"init\">\n<div style=\"display: none;\">\n<input type=\"hidden\" name=\"_wpcf7\" value=\"6442\" \/>\n<input type=\"hidden\" name=\"_wpcf7_version\" value=\"5.9.6\" \/>\n<input type=\"hidden\" name=\"_wpcf7_locale\" value=\"en_US\" \/>\n<input type=\"hidden\" name=\"_wpcf7_unit_tag\" value=\"wpcf7-f6442-o1\" \/>\n<input type=\"hidden\" name=\"_wpcf7_container_post\" value=\"0\" \/>\n<input type=\"hidden\" name=\"_wpcf7_posted_data_hash\" value=\"\" \/>\n<input type=\"hidden\" name=\"_wpcf7_recaptcha_response\" value=\"\" \/>\n<\/div>\n<div class=\"grve-form-style-2 grve-form-light\">\n\t<div class=\"grve-one-half\">\n\t\t<p><span class=\"wpcf7-form-control-wrap\" data-name=\"your-name\"><input size=\"40\" maxlength=\"80\" class=\"wpcf7-form-control wpcf7-text wpcf7-validates-as-required\" aria-required=\"true\" aria-invalid=\"false\" placeholder=\"Votre pr\u00e9nom et nom (obligatoire)\" value=\"\" type=\"text\" name=\"your-name\" \/><\/span>\n\t\t<\/p>\n\t<\/div>\n\t<div class=\"grve-one-half grve-last-column\">\n\t\t<p><span class=\"wpcf7-form-control-wrap\" data-name=\"your-email\"><input size=\"40\" maxlength=\"80\" class=\"wpcf7-form-control wpcf7-email wpcf7-validates-as-required wpcf7-text wpcf7-validates-as-email\" aria-required=\"true\" aria-invalid=\"false\" placeholder=\"Votre E-mail (required)\" value=\"\" type=\"email\" name=\"your-email\" \/><\/span>\n\t\t<\/p>\n\t<\/div>\n\t<div>\n\t\t<p><span class=\"wpcf7-form-control-wrap\" data-name=\"your-subject\"><input size=\"40\" maxlength=\"80\" class=\"wpcf7-form-control wpcf7-text\" aria-invalid=\"false\" placeholder=\"Sujet\" value=\"\" type=\"text\" name=\"your-subject\" \/><\/span>\n\t\t<\/p>\n\t<\/div>\n\t<div>\n\t\t<p><span class=\"wpcf7-form-control-wrap\" data-name=\"your-message\"><textarea cols=\"40\" rows=\"10\" maxlength=\"400\" class=\"wpcf7-form-control wpcf7-textarea\" aria-invalid=\"false\" placeholder=\"Votre message\" name=\"your-message\"><\/textarea><\/span>\n\t\t<\/p>\n\t<\/div>\n\t<div>\n\t\t<p><input class=\"wpcf7-form-control wpcf7-submit has-spinner grve-custom-btn\" type=\"submit\" value=\"Envoyer votre message\" \/>\n\t\t<\/p>\n\t\n\t<\/div>\n<\/div><p style=\"display: none !important;\" class=\"akismet-fields-container\" data-prefix=\"_wpcf7_ak_\"><label>&#916;<textarea name=\"_wpcf7_ak_hp_textarea\" cols=\"45\" rows=\"8\" maxlength=\"100\"><\/textarea><\/label><input type=\"hidden\" id=\"ak_js_1\" name=\"_wpcf7_ak_js\" value=\"39\"\/><script type=\"text\/javascript\">\n\/* <![CDATA[ *\/\ndocument.getElementById( \"ak_js_1\" ).setAttribute( \"value\", ( new Date() ).getTime() );\n\/* ]]> *\/\n<\/script>\n<\/p><div class=\"wpcf7-response-output\" aria-hidden=\"true\"><\/div>\n<\/form>\n<\/div>\n[\/vc_column][vc_column width=\u00a0\u00bb1\/4&Prime; tablet_sm_width=\u00a0\u00bb1-6&Prime;][\/vc_column][\/vc_row][vc_row bg_type=\u00a0\u00bbimage\u00a0\u00bb bg_image=\u00a0\u00bb11522&Prime; footer_feature=\u00a0\u00bbyes\u00a0\u00bb padding_top=\u00a0\u00bb250&Prime; padding_bottom=\u00a0\u00bb250&Prime; margin_bottom=\u00a0\u00bb0&Prime;][vc_column width=\u00a0\u00bb1\/4&Prime; tablet_width=\u00a0\u00bb1-2&Prime;]<div class=\"grve-element grve-image grve-align-left\" style=\"\"><img loading=\"lazy\" decoding=\"async\" width=\"60\" height=\"60\" src=\"https:\/\/echazalon.fr\/wp-content\/uploads\/2000\/01\/grve-dummy-sample-image-extra-small.png\" class=\"attachment-full size-full\" alt=\"\" srcset=\"https:\/\/echazalon.fr\/wp-content\/uploads\/2000\/01\/grve-dummy-sample-image-extra-small.png 1x,https:\/\/echazalon.fr\/wp-content\/uploads\/2000\/01\/grve-dummy-sample-image-extra-small.png 2x\" \/><\/div>[vc_column_text]N&rsquo;h\u00e9sitez pas \u00e0 partager mon profil sur vos diff\u00e9rents r\u00e9seaux sociaux :[\/vc_column_text]\t\t\t<div class=\"grve-element grve-social grve-align-left grve-animated-item grve-fadeInUp\" style=\"\" data-delay=\"200\">\r\n\t\t\t\t<ul>\r\n\t\t\t\t\t\t\t\t\t\t<li><a href=\"mailto:?subject=Bienvenue%20dans%20mon%20univers&#038;body=Bienvenue%20dans%20mon%20univers:%20https:\/\/echazalon.fr\/\" title=\"Bienvenue dans mon univers\" class=\"grve-small grve-circle grve-with-shape grve-outline grve-text-black grve-text-hover-black grve-social-share-email\"><i class=\"grve-text-black fa fa-envelope\"><\/i><\/a><\/li>\r\n\t\t\t\t\t\t\t\t\t\t\t\t\t\t\t<li><a href=\"https:\/\/echazalon.fr\/\" title=\"Bienvenue dans mon univers\" class=\"grve-small grve-circle grve-with-shape grve-outline grve-text-black grve-text-hover-black grve-social-share-facebook\"><i class=\"grve-text-black fa fa-facebook\"><\/i><\/a><\/li>\r\n\t\t\t\t\t\t\t\t\t\t\t\t\t\t\t\t\t\t\t\t<li><a href=\"https:\/\/echazalon.fr\/\" title=\"Bienvenue dans mon univers\" class=\"grve-small grve-circle grve-with-shape grve-outline grve-text-black grve-text-hover-black grve-social-share-linkedin\"><i class=\"grve-text-black fa fa-linkedin\"><\/i><\/a><\/li>\r\n\t\t\t\t\t\t\t\t\t\t\t\t\t\t\t\t\t\t\t\t\t\t\t\t\t\r\n\t\t\t\t\t\r\n\t\t\t\t<\/ul>\r\n\t\t\t<\/div>\r\n\t\t[\/vc_column][vc_column width=\u00a0\u00bb1\/4&Prime; tablet_width=\u00a0\u00bbhide\u00a0\u00bb][\/vc_column][vc_column width=\u00a0\u00bb1\/2&Prime;][\/vc_column][\/vc_row]<\/p>\n","protected":false},"excerpt":{"rendered":"<p>[vc_row header_feature=\u00a0\u00bbyes\u00a0\u00bb padding_top=\u00a0\u00bb140&Prime; padding_bottom=\u00a0\u00bb140&Prime; margin_bottom=\u00a0\u00bb0&Prime;][vc_column][\/vc_column][vc_column width=\u00a0\u00bb1\/4&Prime;][\/vc_column][vc_column width=\u00a0\u00bb1\/2&Prime;][\/vc_column][vc_column width=\u00a0\u00bb1\/4&Prime;][\/vc_column][\/vc_row][vc_row heading_color=\u00a0\u00bblight\u00a0\u00bb section_type=\u00a0\u00bbfullwidth\u00a0\u00bb bg_type=\u00a0\u00bbcolor\u00a0\u00bb equal_column_height=\u00a0\u00bbequal-column\u00a0\u00bb column_gap=\u00a0\u00bb60&Prime; margin_bottom=\u00a0\u00bb0&Prime; bg_color=\u00a0\u00bb#000000&Prime; padding_top=\u00a0\u00bb100&Prime; padding_bottom=\u00a0\u00bb140&Prime; font_color=\u00a0\u00bb#ffffff\u00a0\u00bb][vc_column width=\u00a0\u00bb1\/4&Prime;][\/vc_column][vc_column width=\u00a0\u00bb1\/4&Prime;][\/vc_column][vc_column width=\u00a0\u00bb1\/4&Prime;][\/vc_column][vc_column width=\u00a0\u00bb1\/4&Prime;][\/vc_column][\/vc_row][vc_row heading_color=\u00a0\u00bblight\u00a0\u00bb bg_type=\u00a0\u00bbimage\u00a0\u00bb bg_image=\u00a0\u00bb11503&Prime; padding_top=\u00a0\u00bb140&Prime; padding_bottom=\u00a0\u00bb140&Prime; margin_bottom=\u00a0\u00bb0&Prime; font_color=\u00a0\u00bb#ffffff\u00a0\u00bb][vc_column width=\u00a0\u00bb1\/4&Prime; tablet_sm_width=\u00a0\u00bb1-6&Prime; css=\u00a0\u00bb.vc_custom_1455446714610{padding-right: 10% !important;padding-left: 10% !important;}\u00a0\u00bb][\/vc_column][vc_column width=\u00a0\u00bb1\/2&Prime; tablet_sm_width=\u00a0\u00bb2-3&Prime;][vc_empty_space height=\u00a0\u00bb20&Prime;][\/vc_column][vc_column width=\u00a0\u00bb1\/4&Prime; tablet_sm_width=\u00a0\u00bb1-6&Prime;][\/vc_column][\/vc_row][vc_row bg_type=\u00a0\u00bbimage\u00a0\u00bb bg_image=\u00a0\u00bb11522&Prime; footer_feature=\u00a0\u00bbyes\u00a0\u00bb padding_top=\u00a0\u00bb250&Prime; padding_bottom=\u00a0\u00bb250&Prime; margin_bottom=\u00a0\u00bb0&Prime;][vc_column width=\u00a0\u00bb1\/4&Prime; tablet_width=\u00a0\u00bb1-2&Prime;][vc_column_text]N&rsquo;h\u00e9sitez pas \u00e0 partager mon profil sur [&hellip;]<\/p>\n","protected":false},"author":1,"featured_media":0,"parent":0,"menu_order":0,"comment_status":"closed","ping_status":"closed","template":"","meta":{"_exactmetrics_skip_tracking":false,"_exactmetrics_sitenote_active":false,"_exactmetrics_sitenote_note":"","_exactmetrics_sitenote_category":0,"footnotes":""},"yoast_head":"<!-- This site is optimized with the Yoast SEO plugin v23.0 - https:\/\/yoast.com\/wordpress\/plugins\/seo\/ -->\n<title>Elodie Chazalon | Chef de projet digital, CM, Graphiste \u00e0 Lyon<\/title>\n<meta name=\"description\" content=\"Dipl\u00f4m\u00e9e en communication visuelle et en marketing digital. Je vous invite \u00e0 d\u00e9couvrir mon univers au travers de mon portfolio vari\u00e9 !\" \/>\n<meta name=\"robots\" content=\"index, follow, max-snippet:-1, max-image-preview:large, max-video-preview:-1\" \/>\n<link rel=\"canonical\" href=\"https:\/\/echazalon.fr\/\" \/>\n<meta property=\"og:locale\" content=\"fr_FR\" \/>\n<meta property=\"og:type\" content=\"article\" \/>\n<meta property=\"og:title\" content=\"Elodie Chazalon | Chef de projet digital, CM, Graphiste \u00e0 Lyon\" \/>\n<meta property=\"og:description\" content=\"Dipl\u00f4m\u00e9e en communication visuelle et en marketing digital. Je vous invite \u00e0 d\u00e9couvrir mon univers au travers de mon portfolio vari\u00e9 !\" \/>\n<meta property=\"og:url\" content=\"https:\/\/echazalon.fr\/\" \/>\n<meta property=\"og:site_name\" content=\"Elodie Chazalon - Manager du digital\" \/>\n<meta property=\"article:modified_time\" content=\"2024-04-26T15:12:58+00:00\" \/>\n<meta name=\"twitter:card\" content=\"summary_large_image\" \/>\n<meta name=\"twitter:label1\" content=\"Dur\u00e9e de lecture estim\u00e9e\" \/>\n\t<meta name=\"twitter:data1\" content=\"2 minutes\" \/>\n<script type=\"application\/ld+json\" class=\"yoast-schema-graph\">{\"@context\":\"https:\/\/schema.org\",\"@graph\":[{\"@type\":\"WebPage\",\"@id\":\"https:\/\/echazalon.fr\/\",\"url\":\"https:\/\/echazalon.fr\/\",\"name\":\"Elodie Chazalon | Chef de projet digital, CM, Graphiste \u00e0 Lyon\",\"isPartOf\":{\"@id\":\"https:\/\/echazalon.fr\/#website\"},\"datePublished\":\"2016-01-30T10:17:20+00:00\",\"dateModified\":\"2024-04-26T15:12:58+00:00\",\"description\":\"Dipl\u00f4m\u00e9e en communication visuelle et en marketing digital. Je vous invite \u00e0 d\u00e9couvrir mon univers au travers de mon portfolio vari\u00e9 !\",\"breadcrumb\":{\"@id\":\"https:\/\/echazalon.fr\/#breadcrumb\"},\"inLanguage\":\"fr-FR\",\"potentialAction\":[{\"@type\":\"ReadAction\",\"target\":[\"https:\/\/echazalon.fr\/\"]}]},{\"@type\":\"BreadcrumbList\",\"@id\":\"https:\/\/echazalon.fr\/#breadcrumb\",\"itemListElement\":[{\"@type\":\"ListItem\",\"position\":1,\"name\":\"Accueil\",\"item\":\"https:\/\/echazalon.fr\/\"},{\"@type\":\"ListItem\",\"position\":2,\"name\":\"Bienvenue dans mon univers\"}]},{\"@type\":\"WebSite\",\"@id\":\"https:\/\/echazalon.fr\/#website\",\"url\":\"https:\/\/echazalon.fr\/\",\"name\":\"Elodie Chazalon - Manager du digital\",\"description\":\"Elodie Chazalon freelance : communication visuelle, digital, webmarketing\",\"potentialAction\":[{\"@type\":\"SearchAction\",\"target\":{\"@type\":\"EntryPoint\",\"urlTemplate\":\"https:\/\/echazalon.fr\/?s={search_term_string}\"},\"query-input\":\"required name=search_term_string\"}],\"inLanguage\":\"fr-FR\"}]}<\/script>\n<!-- \/ Yoast SEO plugin. -->","yoast_head_json":{"title":"Elodie Chazalon | Chef de projet digital, CM, Graphiste \u00e0 Lyon","description":"Dipl\u00f4m\u00e9e en communication visuelle et en marketing digital. Je vous invite \u00e0 d\u00e9couvrir mon univers au travers de mon portfolio vari\u00e9 !","robots":{"index":"index","follow":"follow","max-snippet":"max-snippet:-1","max-image-preview":"max-image-preview:large","max-video-preview":"max-video-preview:-1"},"canonical":"https:\/\/echazalon.fr\/","og_locale":"fr_FR","og_type":"article","og_title":"Elodie Chazalon | Chef de projet digital, CM, Graphiste \u00e0 Lyon","og_description":"Dipl\u00f4m\u00e9e en communication visuelle et en marketing digital. Je vous invite \u00e0 d\u00e9couvrir mon univers au travers de mon portfolio vari\u00e9 !","og_url":"https:\/\/echazalon.fr\/","og_site_name":"Elodie Chazalon - Manager du digital","article_modified_time":"2024-04-26T15:12:58+00:00","twitter_card":"summary_large_image","twitter_misc":{"Dur\u00e9e de lecture estim\u00e9e":"2 minutes"},"schema":{"@context":"https:\/\/schema.org","@graph":[{"@type":"WebPage","@id":"https:\/\/echazalon.fr\/","url":"https:\/\/echazalon.fr\/","name":"Elodie Chazalon | Chef de projet digital, CM, Graphiste \u00e0 Lyon","isPartOf":{"@id":"https:\/\/echazalon.fr\/#website"},"datePublished":"2016-01-30T10:17:20+00:00","dateModified":"2024-04-26T15:12:58+00:00","description":"Dipl\u00f4m\u00e9e en communication visuelle et en marketing digital. Je vous invite \u00e0 d\u00e9couvrir mon univers au travers de mon portfolio vari\u00e9 !","breadcrumb":{"@id":"https:\/\/echazalon.fr\/#breadcrumb"},"inLanguage":"fr-FR","potentialAction":[{"@type":"ReadAction","target":["https:\/\/echazalon.fr\/"]}]},{"@type":"BreadcrumbList","@id":"https:\/\/echazalon.fr\/#breadcrumb","itemListElement":[{"@type":"ListItem","position":1,"name":"Accueil","item":"https:\/\/echazalon.fr\/"},{"@type":"ListItem","position":2,"name":"Bienvenue dans mon univers"}]},{"@type":"WebSite","@id":"https:\/\/echazalon.fr\/#website","url":"https:\/\/echazalon.fr\/","name":"Elodie Chazalon - Manager du digital","description":"Elodie Chazalon freelance : communication visuelle, digital, webmarketing","potentialAction":[{"@type":"SearchAction","target":{"@type":"EntryPoint","urlTemplate":"https:\/\/echazalon.fr\/?s={search_term_string}"},"query-input":"required name=search_term_string"}],"inLanguage":"fr-FR"}]}},"_links":{"self":[{"href":"https:\/\/echazalon.fr\/index.php\/wp-json\/wp\/v2\/pages\/9095"}],"collection":[{"href":"https:\/\/echazalon.fr\/index.php\/wp-json\/wp\/v2\/pages"}],"about":[{"href":"https:\/\/echazalon.fr\/index.php\/wp-json\/wp\/v2\/types\/page"}],"author":[{"embeddable":true,"href":"https:\/\/echazalon.fr\/index.php\/wp-json\/wp\/v2\/users\/1"}],"replies":[{"embeddable":true,"href":"https:\/\/echazalon.fr\/index.php\/wp-json\/wp\/v2\/comments?post=9095"}],"version-history":[{"count":30,"href":"https:\/\/echazalon.fr\/index.php\/wp-json\/wp\/v2\/pages\/9095\/revisions"}],"predecessor-version":[{"id":12002,"href":"https:\/\/echazalon.fr\/index.php\/wp-json\/wp\/v2\/pages\/9095\/revisions\/12002"}],"wp:attachment":[{"href":"https:\/\/echazalon.fr\/index.php\/wp-json\/wp\/v2\/media?parent=9095"}],"curies":[{"name":"wp","href":"https:\/\/api.w.org\/{rel}","templated":true}]}}